{"id":24049,"date":"2024-06-02T09:43:05","date_gmt":"2024-06-02T09:43:05","guid":{"rendered":"https:\/\/www.spekglad.com\/ALVAROUMANA\/?page_id=24049"},"modified":"2025-01-13T17:50:38","modified_gmt":"2025-01-13T17:50:38","slug":"creation-of-ministry-of-environment-and-energy","status":"publish","type":"page","link":"https:\/\/www.alvaroumana.com\/es\/creation-of-ministry-of-environment-and-energy\/","title":{"rendered":"Creaci\u00f3n del Ministerio de Ambiente y Energ\u00eda"},"content":{"rendered":"<section class=\"l-section wpb_row align_center height_huge color_primary with_img\"><div class=\"l-section-img lazyload\" role=\"img\" data-img-width=\"2560\" data-img-height=\"1704\" style=\"background-image:inherit;background-position: top right;\" data-bg-image=\"url(https:\/\/www.alvaroumana.com\/wp-content\/uploads\/2024\/07\/Copia-de-KIN_6738-scaled.jpg)\"><\/div><div class=\"l-section-overlay\" style=\"background:rgba(0,0,0,0.4)\"><\/div><div class=\"l-section-h i-cf\"><div class=\"g-cols vc_row via_grid cols_1 laptops-cols_inherit tablets-cols_inherit mobiles-cols_1 valign_top type_default stacking_default\"><div class=\"wpb_column vc_column_container\"><div class=\"vc_column-inner\"><div class=\"w-separator size_small\"><\/div><h1 class=\"w-text us_custom_ea3da4e3\"><span class=\"w-text-h\"><span class=\"w-text-value\">D\u00e1ndole voz a la naturaleza<\/span><\/span><\/h1><div class=\"w-separator size_huge\"><\/div><\/div><\/div><\/div><\/div><\/section><section class=\"l-section wpb_row height_large\" id=\"simple\"><div class=\"l-section-h i-cf\"><div class=\"g-cols vc_row via_grid cols_1 laptops-cols_inherit tablets-cols_inherit mobiles-cols_1 valign_middle type_default stacking_default\"><div class=\"wpb_column vc_column_container us_custom_7e20fa79 us_animate_this\"><div class=\"vc_column-inner\"><div class=\"wpb_text_column\"><div class=\"wpb_wrapper\"><h2><span style=\"font-weight: 400;\">Creaci\u00f3n del Ministerio de Ambiente y Energ\u00eda<\/span><\/h2>\n<p><span style=\"font-weight: 400;\">En 1986, en medio de tiempos turbulentos en Centroam\u00e9rica, tuve una visi\u00f3n audaz para el futuro de Costa Rica. Me acerqu\u00e9 al presidente \u00d3scar Arias con una propuesta innovadora: la creaci\u00f3n de un nuevo ministerio centrado en los recursos naturales, la energ\u00eda y las minas, conocido como MIRENEM. Este movimiento visionario luego evolucion\u00f3 hacia el Ministerio de Ambiente y Energ\u00eda, o <\/span><a href=\"https:\/\/www.minae.go.cr\/\"><span style=\"font-weight: 400;\">MINAE<\/span><\/a><span style=\"font-weight: 400;\">.<\/span><\/p>\n<p><span style=\"font-weight: 400;\">\u00bfPero por qu\u00e9 impuls\u00e9 este cambio? Quer\u00eda <\/span><b>darle voz a la naturaleza en la pol\u00edtica<\/b><span style=\"font-weight: 400;\">. Recuerdo v\u00edvidamente que, durante mi tiempo como estudiante en Stanford, a menudo me encontraba desconcertado por c\u00f3mo y por qu\u00e9 la sociedad explota el medio ambiente, algo que era muy evidente en mi pa\u00eds natal, Costa Rica, siendo la deforestaci\u00f3n lo m\u00e1s tangible. Sab\u00eda que Costa Rica depend\u00eda en gran medida de la energ\u00eda hidroel\u00e9ctrica, y para m\u00ed parec\u00eda l\u00f3gico que el medio ambiente, y en particular los bosques, deber\u00edan estar bajo la misma autoridad.<\/span><span style=\"font-weight: 400;\"><br \/>\n<\/span><\/p>\n<p><span style=\"font-weight: 400;\">Al elevar el medio ambiente a un puesto de nivel ministerial por primera vez, mi objetivo era impulsar una serie de reformas vitales. Mi meta era clara: priorizar la conservaci\u00f3n, proteger los bosques y promover la biodiversidad y el desarrollo sostenible.<\/span><\/p>\n<p><span style=\"font-weight: 400;\">La creaci\u00f3n del MINAE marc\u00f3 una nueva era en la pol\u00edtica costarricense, un giro hacia lo que hoy se conoce como \"ecolog\u00eda pol\u00edtica\". Este enfoque reconoci\u00f3 la interdependencia de los ecosistemas y el bienestar humano, allanando el camino para pol\u00edticas basadas en la ciencia que priorizaran la sostenibilidad ambiental.<\/span><\/p>\n<\/div><\/div><\/div><\/div><\/div><\/div><\/section><section class=\"l-section wpb_row align_center height_small color_primary\"><div class=\"l-section-overlay\" style=\"background:rgba(0,0,0,0.4)\"><\/div><div class=\"l-section-h i-cf\"><div class=\"g-cols vc_row via_grid cols_1 laptops-cols_inherit tablets-cols_inherit mobiles-cols_1 valign_top type_default stacking_default\"><div class=\"wpb_column vc_column_container stretched\"><div class=\"vc_column-inner\"><div class=\"w-image align_none\"><div class=\"w-image-h\"><img decoding=\"async\" width=\"1888\" height=\"800\" data-src=\"https:\/\/www.alvaroumana.com\/wp-content\/uploads\/2024\/06\/vlcsnap-2024-01-22-16h50m09s564.png\" class=\"attachment-full size-full lazyload\" alt=\"\" data-srcset=\"https:\/\/www.alvaroumana.com\/wp-content\/uploads\/2024\/06\/vlcsnap-2024-01-22-16h50m09s564.png 1888w, https:\/\/www.alvaroumana.com\/wp-content\/uploads\/2024\/06\/vlcsnap-2024-01-22-16h50m09s564-300x127.png 300w, https:\/\/www.alvaroumana.com\/wp-content\/uploads\/2024\/06\/vlcsnap-2024-01-22-16h50m09s564-1024x434.png 1024w\" data-sizes=\"auto, (max-width: 1888px) 100vw, 1888px\" src=\"data:image\/svg+xml;base64,PHN2ZyB3aWR0aD0iMSIgaGVpZ2h0PSIxIiB4bWxucz0iaHR0cDovL3d3dy53My5vcmcvMjAwMC9zdmciPjwvc3ZnPg==\" style=\"--smush-placeholder-width: 1888px; --smush-placeholder-aspect-ratio: 1888\/800;\" \/><\/div><\/div><\/div><\/div><\/div><\/div><\/section><section class=\"l-section wpb_row height_large\" id=\"simple\"><div class=\"l-section-h i-cf\"><div class=\"g-cols vc_row via_grid cols_2-1 laptops-cols_inherit tablets-cols_inherit mobiles-cols_1 valign_middle type_default stacking_default\"><div class=\"wpb_column vc_column_container us_custom_7e20fa79 us_animate_this\"><div class=\"vc_column-inner\"><div class=\"wpb_text_column\"><div class=\"wpb_wrapper\"><h3><strong>Liderando el Camino en Innovaci\u00f3n Ambiental<\/strong><\/h3>\n<p><span style=\"font-weight: 400;\">Una de las iniciativas innovadoras del ministerio fue la <\/span><span style=\"font-weight: 400;\">la creaci\u00f3n de \u00e1reas de conservaci\u00f3n regionales<\/span><span style=\"font-weight: 400;\"> y el renombrado Instituto de Biodiversidad (<\/span><a href=\"https:\/\/www.facebook.com\/inbio\/?locale=es_LA\"><span style=\"font-weight: 400;\">INBIO<\/span><\/a><span style=\"font-weight: 400;\">), estableciendo un est\u00e1ndar global para los esfuerzos de conservaci\u00f3n. Adem\u00e1s, el MINAE lider\u00f3 un esfuerzo colaborativo para definir una estrategia nacional de desarrollo sostenible, conocida como ECODES, que recibi\u00f3 un amplio reconocimiento tanto a nivel nacional como internacional.<\/span><\/p>\n<p><span style=\"font-weight: 400;\">Nuestro compromiso con la gesti\u00f3n ambiental no pas\u00f3 desapercibido. Recib\u00ed elogios de organizaciones de renombre como The Nature Conservancy, Williams College y la National Wildlife Federation de los EE. UU., que valoraron las reformas innovadoras implementadas durante mi mandato.<br \/>\n<\/span><\/p>\n<p><span style=\"font-weight: 400;\">Cabe destacar que el desarrollo del primer plan energ\u00e9tico a largo plazo de Costa Rica, totalmente enfocado en fuentes de energ\u00eda renovable, marc\u00f3 un hito significativo. Este enfoque visionario facilit\u00f3 la aprobaci\u00f3n de proyectos innovadores en energ\u00eda geot\u00e9rmica y e\u00f3lica, as\u00ed como la introducci\u00f3n de la generaci\u00f3n privada de energ\u00eda para diversificar la red el\u00e9ctrica.<br \/>\n<\/span><\/p>\n<h3><strong>Preservando la historia costarricense<\/strong><\/h3>\n<p><span style=\"font-weight: 400;\">Al reflexionar sobre estos logros, me llena de orgullo saber que pude contribuir a escribir un cap\u00edtulo crucial en la historia ambiental de Costa Rica. Nuestros esfuerzos colectivos han sentado las bases para la reconocida reputaci\u00f3n de Costa Rica como l\u00edder mundial en sostenibilidad ambiental y energ\u00eda verde.<\/span><span style=\"font-weight: 400;\"><br \/>\n<\/span><\/p>\n<p><span style=\"font-weight: 400;\">Pero nuestro trabajo va m\u00e1s all\u00e1 de los elogios y el reconocimiento. Se trata de preservar estas historias para las generaciones futuras, asegurando que las lecciones aprendidas y los logros alcanzados no se pierdan con el tiempo. Espero que nuestro recorrido sirva de inspiraci\u00f3n para otros en todo el mundo, mostrando lo que se puede lograr cuando priorizamos la salud de nuestro planeta y trabajamos juntos.<\/span><\/p>\n<\/div><\/div><\/div><\/div><div class=\"wpb_column vc_column_container\"><div class=\"vc_column-inner\"><div class=\"w-image align_none\"><div class=\"w-image-h\"><img decoding=\"async\" width=\"1024\" height=\"679\" data-src=\"https:\/\/www.alvaroumana.com\/wp-content\/uploads\/2024\/07\/Alvaro-Umana-achievement-e1720750360582-1024x679.png\" class=\"attachment-large size-large lazyload\" alt=\"\" data-srcset=\"https:\/\/www.alvaroumana.com\/wp-content\/uploads\/2024\/07\/Alvaro-Umana-achievement-e1720750360582-1024x679.png 1024w, https:\/\/www.alvaroumana.com\/wp-content\/uploads\/2024\/07\/Alvaro-Umana-achievement-e1720750360582-300x199.png 300w, https:\/\/www.alvaroumana.com\/wp-content\/uploads\/2024\/07\/Alvaro-Umana-achievement-e1720750360582.png 1205w\" data-sizes=\"auto, (max-width: 1024px) 100vw, 1024px\" src=\"data:image\/svg+xml;base64,PHN2ZyB3aWR0aD0iMSIgaGVpZ2h0PSIxIiB4bWxucz0iaHR0cDovL3d3dy53My5vcmcvMjAwMC9zdmciPjwvc3ZnPg==\" style=\"--smush-placeholder-width: 1024px; --smush-placeholder-aspect-ratio: 1024\/679;\" \/><\/div><\/div><div class=\"w-image align_none\"><div class=\"w-image-h\"><img decoding=\"async\" width=\"892\" height=\"806\" data-src=\"https:\/\/www.alvaroumana.com\/wp-content\/uploads\/2024\/06\/Scherm\u00adafbeelding-2024-06-02-om-11.53.40.png\" class=\"attachment-large size-large lazyload\" alt=\"\" data-srcset=\"https:\/\/www.alvaroumana.com\/wp-content\/uploads\/2024\/06\/Scherm\u00adafbeelding-2024-06-02-om-11.53.40.png 892w, https:\/\/www.alvaroumana.com\/wp-content\/uploads\/2024\/06\/Scherm\u00adafbeelding-2024-06-02-om-11.53.40-300x271.png 300w\" data-sizes=\"auto, (max-width: 892px) 100vw, 892px\" src=\"data:image\/svg+xml;base64,PHN2ZyB3aWR0aD0iMSIgaGVpZ2h0PSIxIiB4bWxucz0iaHR0cDovL3d3dy53My5vcmcvMjAwMC9zdmciPjwvc3ZnPg==\" style=\"--smush-placeholder-width: 892px; --smush-placeholder-aspect-ratio: 892\/806;\" \/><\/div><\/div><\/div><\/div><\/div><\/div><\/section><section class=\"l-section wpb_row height_large color_primary\"><div class=\"l-section-h i-cf\"><div class=\"g-cols vc_row via_grid cols_2 laptops-cols_inherit tablets-cols_inherit mobiles-cols_1 valign_top type_default stacking_default\"><div class=\"wpb_column vc_column_container us_custom_60e9caca us_animate_this\"><div class=\"vc_column-inner\"><div class=\"w-actionbox color_primary controls_right\"><div class=\"w-actionbox-text\"><h3 class=\"w-actionbox-title\">\u00bfQuieres leer m\u00e1s sobre esto?<\/h3><div class=\"w-actionbox-description\"><p>Haz clic en los botones para ver publicaciones relevantes sobre este tema.<\/p>\n<\/div><\/div><\/div><\/div><\/div><div class=\"wpb_column vc_column_container\"><div class=\"vc_column-inner\"><div class=\"w-btn-wrapper align_none\"><a class=\"w-btn us-btn-style_2\" target=\"_blank\" href=\"https:\/\/www.nytimes.com\/1989\/02\/08\/business\/economic-scene-saving-the-forest-in-costa-rica.html \"><span class=\"w-btn-label\">NY Times: Salvando el bosque en Costa Rica<\/span><\/a><\/div><\/div><\/div><\/div><\/div><\/section><section class=\"l-section wpb_row align_center height_huge color_primary with_img\"><div class=\"l-section-img lazyload\" role=\"img\" data-img-width=\"1920\" data-img-height=\"1080\" style=\"background-image:inherit;\" data-bg-image=\"url(https:\/\/www.alvaroumana.com\/wp-content\/uploads\/2024\/04\/Alvaro-Home-Slider.jpg)\"><\/div><div class=\"l-section-overlay\" style=\"background:rgba(0,0,0,0.4)\"><\/div><div class=\"l-section-h i-cf\"><div class=\"g-cols vc_row via_grid cols_1 laptops-cols_inherit tablets-cols_inherit mobiles-cols_1 valign_top type_default stacking_default\"><div class=\"wpb_column vc_column_container\"><div class=\"vc_column-inner\"><h3 class=\"w-text us_custom_ea3da4e3\"><span class=\"w-text-h\"><span class=\"w-text-value\">Lee mis otras historias<\/span><\/span><\/h3><div class=\"g-cols wpb_row via_grid cols_2 laptops-cols_inherit tablets-cols_inherit mobiles-cols_1 valign_top type_default stacking_default\" style=\"--gap:3rem;\"><div class=\"wpb_column vc_column_container\"><div class=\"vc_column-inner\"><div class=\"w-iconbox iconpos_left style_default color_contrast align_left\"><a href=\"https:\/\/www.alvaroumana.com\/es\/creation-of-ministry-of-environment-and-energy\/\" class=\"w-iconbox-link\" aria-label=\"Creaci\u00f3n del Ministerio de Ambiente y Energ\u00eda\"><div class=\"w-iconbox-icon\" style=\"font-size:2rem;\"><i class=\"material-icons\">chevron_right<\/i><\/div><\/a><div class=\"w-iconbox-meta\"><a href=\"https:\/\/www.alvaroumana.com\/es\/creation-of-ministry-of-environment-and-energy\/\" class=\"w-iconbox-link\" aria-label=\"Creaci\u00f3n del Ministerio de Ambiente y Energ\u00eda\"><h4 class=\"w-iconbox-title\" style=\"font-size:20px;\">Creaci\u00f3n del Ministerio de Ambiente y Energ\u00eda<\/h4><\/a><div class=\"w-iconbox-text\"><p><span style=\"font-weight: 400;\">Descubre c\u00f3mo Costa Rica fue pionera al otorgarle a la naturaleza poder pol\u00edtico y un puesto a nivel de gabinete.<\/span><\/p>\n<\/div><\/div><\/div><div class=\"w-separator size_small\"><\/div><div class=\"w-iconbox iconpos_left style_default color_contrast align_left\"><a href=\"https:\/\/www.alvaroumana.com\/es\/creation-of-ministry-of-environment-and-energy\/\" class=\"w-iconbox-link\" aria-label=\"Reorganizaci\u00f3n de Conservaci\u00f3n y Biodiversidad\"><div class=\"w-iconbox-icon\" style=\"font-size:2rem;\"><i class=\"material-icons\">chevron_right<\/i><\/div><\/a><div class=\"w-iconbox-meta\"><a href=\"https:\/\/www.alvaroumana.com\/es\/creation-of-ministry-of-environment-and-energy\/\" class=\"w-iconbox-link\" aria-label=\"Reorganizaci\u00f3n de Conservaci\u00f3n y Biodiversidad\"><h4 class=\"w-iconbox-title\" style=\"font-size:20px;\">Reorganizaci\u00f3n de Conservaci\u00f3n y Biodiversidad<\/h4><\/a><div class=\"w-iconbox-text\"><p><span style=\"font-weight: 400;\">Explora c\u00f3mo Costa Rica reemplaz\u00f3 la visi\u00f3n occidental tradicional de conservaci\u00f3n por un modelo nuevo y pr\u00f3spero.<\/span><\/p>\n<\/div><\/div><\/div><div class=\"w-separator size_small\"><\/div><div class=\"w-iconbox iconpos_left style_default color_contrast align_left\"><a href=\"https:\/\/www.alvaroumana.com\/es\/ecological-economics\/\" class=\"w-iconbox-link\" aria-label=\"Econom\u00eda Ecol\u00f3gica\"><div class=\"w-iconbox-icon\" style=\"font-size:2rem;\"><i class=\"material-icons\">chevron_right<\/i><\/div><\/a><div class=\"w-iconbox-meta\"><a href=\"https:\/\/www.alvaroumana.com\/es\/ecological-economics\/\" class=\"w-iconbox-link\" aria-label=\"Econom\u00eda Ecol\u00f3gica\"><h4 class=\"w-iconbox-title\" style=\"font-size:20px;\">Econom\u00eda Ecol\u00f3gica<\/h4><\/a><div class=\"w-iconbox-text\"><p><span style=\"font-weight: 400;\">Descubre c\u00f3mo Costa Rica otorg\u00f3 valor econ\u00f3mico a sus bosques mediante la implementaci\u00f3n de incentivos forestales.<\/span><\/p>\n<\/div><\/div><\/div><\/div><\/div><div class=\"wpb_column vc_column_container\"><div class=\"vc_column-inner\"><div class=\"w-iconbox iconpos_left style_default color_contrast align_left\"><a href=\"https:\/\/www.alvaroumana.com\/es\/reversing-deforestation-in-costa-rica\/\" class=\"w-iconbox-link\" aria-label=\"Reversi\u00f3n de la Deforestaci\u00f3n y Desarrollo Forestal\"><div class=\"w-iconbox-icon\" style=\"font-size:2rem;\"><i class=\"material-icons\">chevron_right<\/i><\/div><\/a><div class=\"w-iconbox-meta\"><a href=\"https:\/\/www.alvaroumana.com\/es\/reversing-deforestation-in-costa-rica\/\" class=\"w-iconbox-link\" aria-label=\"Reversi\u00f3n de la Deforestaci\u00f3n y Desarrollo Forestal\"><h4 class=\"w-iconbox-title\" style=\"font-size:20px;\">Reversi\u00f3n de la Deforestaci\u00f3n y Desarrollo Forestal<\/h4><\/a><div class=\"w-iconbox-text\"><p><span style=\"font-weight: 400;\">C\u00f3mo Costa Rica pas\u00f3 del 26% de cobertura forestal en la d\u00e9cada de 1980 a casi el 60% en 2024, mientras impulsaba una prosperidad econ\u00f3mica sostenible. <\/span><\/p>\n<\/div><\/div><\/div><div class=\"w-separator size_small\"><\/div><div class=\"w-iconbox iconpos_left style_default color_contrast align_left\"><a href=\"https:\/\/www.alvaroumana.com\/es\/debt-for-nature-swaps\/\" class=\"w-iconbox-link\" aria-label=\"Canje de Deuda para la Conservaci\u00f3n\"><div class=\"w-iconbox-icon\" style=\"font-size:2rem;\"><i class=\"material-icons\">chevron_right<\/i><\/div><\/a><div class=\"w-iconbox-meta\"><a href=\"https:\/\/www.alvaroumana.com\/es\/debt-for-nature-swaps\/\" class=\"w-iconbox-link\" aria-label=\"Canje de Deuda para la Conservaci\u00f3n\"><h4 class=\"w-iconbox-title\" style=\"font-size:20px;\">Canje de Deuda para la Conservaci\u00f3n<\/h4><\/a><div class=\"w-iconbox-text\"><p><span style=\"font-weight: 400;\">Conozca una de las soluciones financieras m\u00e1s creativas implementadas en la lucha contra el cambio clim\u00e1tico.<\/span><\/p>\n<\/div><\/div><\/div><div class=\"w-separator size_small\"><\/div><div class=\"w-iconbox iconpos_left style_default color_contrast align_left\"><a href=\"https:\/\/www.alvaroumana.com\/es\/climate-change\/\" class=\"w-iconbox-link\" aria-label=\"Cambio Clim\u00e1tico\"><div class=\"w-iconbox-icon\" style=\"font-size:2rem;\"><i class=\"material-icons\">chevron_right<\/i><\/div><\/a><div class=\"w-iconbox-meta\"><a href=\"https:\/\/www.alvaroumana.com\/es\/climate-change\/\" class=\"w-iconbox-link\" aria-label=\"Cambio Clim\u00e1tico\"><h4 class=\"w-iconbox-title\" style=\"font-size:20px;\">Cambio Clim\u00e1tico<\/h4><\/a><div class=\"w-iconbox-text\"><p>Reflexione sobre los desaf\u00edos y frustraciones de las negociaciones clim\u00e1ticas globales y la necesidad de acci\u00f3n.<\/p>\n<\/div><\/div><\/div><\/div><\/div><\/div><\/div><\/div><\/div><\/div><\/section>","protected":false},"excerpt":{"rendered":"Giving Nature a VoiceCreation of the Ministry of Environment and Energy Back in 1986, in the midst of turbulent times in Central America, I had a bold vision for Costa Rica&#8217;s future. I approached President Oscar Arias with a groundbreaking proposal: the creation of a new ministry focused on natural resources, energy, and mines, known...","protected":false},"author":1,"featured_media":0,"parent":0,"menu_order":0,"comment_status":"closed","ping_status":"closed","template":"","meta":{"_acf_changed":false,"footnotes":""},"class_list":["post-24049","page","type-page","status-publish","hentry"],"acf":[],"yoast_head":"<!-- This site is optimized with the Yoast SEO plugin v27.4 - https:\/\/yoast.com\/product\/yoast-seo-wordpress\/ -->\n<title>Creation of Ministry of Environment and Energy in Costa Rica - Alvaro Uma\u00f1a<\/title>\n<meta name=\"description\" content=\"How Costa Rica gave nature a cabinet level position: the creation of MINAE, prioritizing conservation, renewable energy &amp; sustainability.\" \/>\n<meta name=\"robots\" content=\"index, follow, max-snippet:-1, max-image-preview:large, max-video-preview:-1\" \/>\n<link rel=\"canonical\" href=\"https:\/\/www.alvaroumana.com\/es\/creation-of-ministry-of-environment-and-energy\/\" \/>\n<meta property=\"og:locale\" content=\"es_ES\" \/>\n<meta property=\"og:type\" content=\"article\" \/>\n<meta property=\"og:title\" content=\"Creation of Ministry of Environment and Energy in Costa Rica - Alvaro Uma\u00f1a\" \/>\n<meta property=\"og:description\" content=\"How Costa Rica gave nature a cabinet level position: the creation of MINAE, prioritizing conservation, renewable energy &amp; sustainability.\" \/>\n<meta property=\"og:url\" content=\"https:\/\/www.alvaroumana.com\/es\/creation-of-ministry-of-environment-and-energy\/\" \/>\n<meta property=\"og:site_name\" content=\"Alvaro Uma\u00f1a\" \/>\n<meta property=\"article:modified_time\" content=\"2025-01-13T17:50:38+00:00\" \/>\n<meta name=\"twitter:card\" content=\"summary_large_image\" \/>\n<meta name=\"twitter:label1\" content=\"Tiempo de lectura\" \/>\n\t<meta name=\"twitter:data1\" content=\"4 minutos\" \/>\n<script type=\"application\/ld+json\" class=\"yoast-schema-graph\">{\"@context\":\"https:\\\/\\\/schema.org\",\"@graph\":[{\"@type\":\"WebPage\",\"@id\":\"https:\\\/\\\/www.alvaroumana.com\\\/creation-of-ministry-of-environment-and-energy\\\/\",\"url\":\"https:\\\/\\\/www.alvaroumana.com\\\/creation-of-ministry-of-environment-and-energy\\\/\",\"name\":\"Creation of Ministry of Environment and Energy in Costa Rica - Alvaro Uma\u00f1a\",\"isPartOf\":{\"@id\":\"https:\\\/\\\/www.alvaroumana.com\\\/#website\"},\"datePublished\":\"2024-06-02T09:43:05+00:00\",\"dateModified\":\"2025-01-13T17:50:38+00:00\",\"description\":\"How Costa Rica gave nature a cabinet level position: the creation of MINAE, prioritizing conservation, renewable energy & sustainability.\",\"breadcrumb\":{\"@id\":\"https:\\\/\\\/www.alvaroumana.com\\\/creation-of-ministry-of-environment-and-energy\\\/#breadcrumb\"},\"inLanguage\":\"es\",\"potentialAction\":[{\"@type\":\"ReadAction\",\"target\":[\"https:\\\/\\\/www.alvaroumana.com\\\/creation-of-ministry-of-environment-and-energy\\\/\"]}]},{\"@type\":\"BreadcrumbList\",\"@id\":\"https:\\\/\\\/www.alvaroumana.com\\\/creation-of-ministry-of-environment-and-energy\\\/#breadcrumb\",\"itemListElement\":[{\"@type\":\"ListItem\",\"position\":1,\"name\":\"Home\",\"item\":\"https:\\\/\\\/www.alvaroumana.com\\\/\"},{\"@type\":\"ListItem\",\"position\":2,\"name\":\"Creation of Ministry of Environment and Energy\"}]},{\"@type\":\"WebSite\",\"@id\":\"https:\\\/\\\/www.alvaroumana.com\\\/#website\",\"url\":\"https:\\\/\\\/www.alvaroumana.com\\\/\",\"name\":\"Alvaro Uma\u00f1a\",\"description\":\"Costa Rica&#039;s first Minister of Environment\",\"potentialAction\":[{\"@type\":\"SearchAction\",\"target\":{\"@type\":\"EntryPoint\",\"urlTemplate\":\"https:\\\/\\\/www.alvaroumana.com\\\/?s={search_term_string}\"},\"query-input\":{\"@type\":\"PropertyValueSpecification\",\"valueRequired\":true,\"valueName\":\"search_term_string\"}}],\"inLanguage\":\"es\"}]}<\/script>\n<!-- \/ Yoast SEO plugin. -->","yoast_head_json":{"title":"Creation of Ministry of Environment and Energy in Costa Rica - Alvaro Uma\u00f1a","description":"How Costa Rica gave nature a cabinet level position: the creation of MINAE, prioritizing conservation, renewable energy & sustainability.","robots":{"index":"index","follow":"follow","max-snippet":"max-snippet:-1","max-image-preview":"max-image-preview:large","max-video-preview":"max-video-preview:-1"},"canonical":"https:\/\/www.alvaroumana.com\/es\/creation-of-ministry-of-environment-and-energy\/","og_locale":"es_ES","og_type":"article","og_title":"Creation of Ministry of Environment and Energy in Costa Rica - Alvaro Uma\u00f1a","og_description":"How Costa Rica gave nature a cabinet level position: the creation of MINAE, prioritizing conservation, renewable energy & sustainability.","og_url":"https:\/\/www.alvaroumana.com\/es\/creation-of-ministry-of-environment-and-energy\/","og_site_name":"Alvaro Uma\u00f1a","article_modified_time":"2025-01-13T17:50:38+00:00","twitter_card":"summary_large_image","twitter_misc":{"Tiempo de lectura":"4 minutos"},"schema":{"@context":"https:\/\/schema.org","@graph":[{"@type":"WebPage","@id":"https:\/\/www.alvaroumana.com\/creation-of-ministry-of-environment-and-energy\/","url":"https:\/\/www.alvaroumana.com\/creation-of-ministry-of-environment-and-energy\/","name":"Creation of Ministry of Environment and Energy in Costa Rica - Alvaro Uma\u00f1a","isPartOf":{"@id":"https:\/\/www.alvaroumana.com\/#website"},"datePublished":"2024-06-02T09:43:05+00:00","dateModified":"2025-01-13T17:50:38+00:00","description":"How Costa Rica gave nature a cabinet level position: the creation of MINAE, prioritizing conservation, renewable energy & sustainability.","breadcrumb":{"@id":"https:\/\/www.alvaroumana.com\/creation-of-ministry-of-environment-and-energy\/#breadcrumb"},"inLanguage":"es","potentialAction":[{"@type":"ReadAction","target":["https:\/\/www.alvaroumana.com\/creation-of-ministry-of-environment-and-energy\/"]}]},{"@type":"BreadcrumbList","@id":"https:\/\/www.alvaroumana.com\/creation-of-ministry-of-environment-and-energy\/#breadcrumb","itemListElement":[{"@type":"ListItem","position":1,"name":"Home","item":"https:\/\/www.alvaroumana.com\/"},{"@type":"ListItem","position":2,"name":"Creation of Ministry of Environment and Energy"}]},{"@type":"WebSite","@id":"https:\/\/www.alvaroumana.com\/#website","url":"https:\/\/www.alvaroumana.com\/","name":"Alvaro Uma\u00f1a","description":"Costa Rica&#039;s first Minister of Environment","potentialAction":[{"@type":"SearchAction","target":{"@type":"EntryPoint","urlTemplate":"https:\/\/www.alvaroumana.com\/?s={search_term_string}"},"query-input":{"@type":"PropertyValueSpecification","valueRequired":true,"valueName":"search_term_string"}}],"inLanguage":"es"}]}},"_links":{"self":[{"href":"https:\/\/www.alvaroumana.com\/es\/wp-json\/wp\/v2\/pages\/24049","targetHints":{"allow":["GET"]}}],"collection":[{"href":"https:\/\/www.alvaroumana.com\/es\/wp-json\/wp\/v2\/pages"}],"about":[{"href":"https:\/\/www.alvaroumana.com\/es\/wp-json\/wp\/v2\/types\/page"}],"author":[{"embeddable":true,"href":"https:\/\/www.alvaroumana.com\/es\/wp-json\/wp\/v2\/users\/1"}],"replies":[{"embeddable":true,"href":"https:\/\/www.alvaroumana.com\/es\/wp-json\/wp\/v2\/comments?post=24049"}],"version-history":[{"count":29,"href":"https:\/\/www.alvaroumana.com\/es\/wp-json\/wp\/v2\/pages\/24049\/revisions"}],"predecessor-version":[{"id":24411,"href":"https:\/\/www.alvaroumana.com\/es\/wp-json\/wp\/v2\/pages\/24049\/revisions\/24411"}],"wp:attachment":[{"href":"https:\/\/www.alvaroumana.com\/es\/wp-json\/wp\/v2\/media?parent=24049"}],"curies":[{"name":"wp","href":"https:\/\/api.w.org\/{rel}","templated":true}]}}