{"id":24087,"date":"2024-06-02T10:42:03","date_gmt":"2024-06-02T10:42:03","guid":{"rendered":"https:\/\/www.spekglad.com\/ALVAROUMANA\/?page_id=24087"},"modified":"2025-01-13T18:05:32","modified_gmt":"2025-01-13T18:05:32","slug":"ecological-economics","status":"publish","type":"page","link":"https:\/\/www.alvaroumana.com\/es\/ecological-economics\/","title":{"rendered":"Econom\u00eda Ecol\u00f3gica"},"content":{"rendered":"<section class=\"l-section wpb_row align_center height_huge color_primary with_img\"><div class=\"l-section-img lazyload\" role=\"img\" data-img-width=\"2560\" data-img-height=\"1704\" style=\"background-image:inherit;background-position: center left;\" data-bg-image=\"url(https:\/\/www.alvaroumana.com\/wp-content\/uploads\/2024\/07\/Copia-de-KIN_6597-1-scaled.jpg)\"><\/div><div class=\"l-section-overlay\" style=\"background:rgba(0,0,0,0.4)\"><\/div><div class=\"l-section-h i-cf\"><div class=\"g-cols vc_row via_grid cols_1 laptops-cols_inherit tablets-cols_inherit mobiles-cols_1 valign_top type_default stacking_default\"><div class=\"wpb_column vc_column_container\"><div class=\"vc_column-inner\"><h1 class=\"w-text us_custom_ea3da4e3\"><span class=\"w-text-h\"><span class=\"w-text-value\">El camino de Costa Rica hacia la Econom\u00eda Ecol\u00f3gica<\/span><\/span><\/h1><div class=\"w-separator size_small\"><\/div><\/div><\/div><\/div><\/div><\/section><section class=\"l-section wpb_row height_small\" id=\"simple\"><div class=\"l-section-h i-cf\"><div class=\"g-cols vc_row via_grid cols_1 laptops-cols_inherit tablets-cols_inherit mobiles-cols_1 valign_middle type_default stacking_default\"><div class=\"wpb_column vc_column_container us_custom_7e20fa79 us_animate_this\"><div class=\"vc_column-inner\"><div class=\"wpb_text_column\"><div class=\"wpb_wrapper\"><h2>C\u00f3mo le dimos valor al bosque de Costa Rica.<\/h2>\n<p><span style=\"font-weight: 400;\">Antes de convertirse en <\/span><a href=\"https:\/\/www.alvaroumana.com\/es\/creation-of-ministry-of-environment-and-energy\/\"><span style=\"font-weight: 400;\">El primer Ministro de Ambiente y Energ\u00eda de Costa Rica<\/span><\/a><span style=\"font-weight: 400;\"> en 1986, nuestras pol\u00edticas de parques nacionales y bosques formaban parte del Ministerio de Agricultura, donde estaban completamente opacadas por los intereses agr\u00edcolas. Al asumir mi nuevo cargo, lo vi como mi responsabilidad <\/span><span style=\"font-weight: 400;\">darle una voz a la naturaleza.<\/span><span style=\"font-weight: 400;\">y tratar de abordar las externalidades ambientales.\u00a0<\/span><\/p>\n<p><span style=\"font-weight: 400;\">El primer problema cr\u00edtico que enfrent\u00e9 fue que <strong>los \u00e1rboles en pie no ten\u00edan valor econ\u00f3mico en Costa Rica.<\/strong>. Se pod\u00eda obtener un pr\u00e9stamo utilizando tierras, un tractor o una vaca como garant\u00eda, pero los \u00e1rboles vivos se consideraban in\u00fatiles. Este sistema fomentaba la deforestaci\u00f3n, lo que resultaba en la p\u00e9rdida de aproximadamente un 1% de nuestras \u00e1reas forestales anualmente.<\/span><\/p>\n<p><span style=\"font-weight: 400;\">Al darme cuenta de la urgencia de <\/span><span style=\"font-weight: 400;\">revertir la deforestaci\u00f3n<\/span><span style=\"font-weight: 400;\">, Nos centramos en darle valor a los \u00e1rboles en pie para los propietarios privados de tierras, en cuyos terrenos se estaba llevando a cabo la mayor parte de la deforestaci\u00f3n. Esto requiri\u00f3 reestructurar los incentivos forestales y realizar una inversi\u00f3n significativa para abordar la externalidad clim\u00e1tica.<\/span><\/p>\n<\/div><\/div><\/div><\/div><\/div><\/div><\/section><section class=\"l-section wpb_row height_small\" id=\"simple\"><div class=\"l-section-h i-cf\"><div class=\"g-cols vc_row via_grid cols_1 laptops-cols_inherit tablets-cols_inherit mobiles-cols_1 valign_middle type_default stacking_default\"><div class=\"wpb_column vc_column_container us_custom_7e20fa79 us_animate_this\"><div class=\"vc_column-inner\"><div class=\"wpb_text_column\"><div class=\"wpb_wrapper\"><h3>Los incentivos fiscales de Costa Rica para la reforestaci\u00f3n<\/h3>\n<h4><em>De fracaso a \u00e9xito<\/em><\/h4>\n<p><span style=\"font-weight: 400;\">En 1979, Costa Rica introdujo un sistema de incentivos fiscales para la reforestaci\u00f3n. A pesar de las buenas intenciones del programa, no fue un \u00e9xito. <\/span><span style=\"font-weight: 400;\">El programa benefici\u00f3 principalmente a las corporaciones y a los individuos adinerados, no a la naturaleza.<\/span><\/p>\n<p><span style=\"font-weight: 400;\">Lo que ocurr\u00eda era que los propietarios de tierras talaban el bosque nativo en sus terrenos, vend\u00edan la madera y luego solicitaban subsidios estatales para replantar. Si se les conced\u00eda, recib\u00edan un incentivo fiscal de $2,000 por acre para plantar especies ex\u00f3ticas. Qued\u00f3 claro que los participantes del programa <\/span><span style=\"font-weight: 400;\">estaban en ello por las deducciones fiscales, no por (re)cultivar nuestro bosque.<\/span><\/p>\n<p><span style=\"font-weight: 400;\">Mientras los propietarios de tierras aumentaban su riqueza, los bosques y la fauna sufr\u00edan, al igual que el Estado. Volver a plantar un bosque toma mucho tiempo y es al menos 10 veces m\u00e1s costoso que protegerlo.<\/span><span style=\"font-weight: 400;\"><br \/>\n<\/span><\/p>\n<h4><em>Reformulando las Iniciativas Forestales: Un Nuevo Enfoque<\/em><\/h4>\n<p><span style=\"font-weight: 400;\">Reconociendo las deficiencias del programa, lo reformulamos en 1986 con una nueva Ley Forestal. Durante mi gesti\u00f3n como Ministro, cambiamos el enfoque hacia la protecci\u00f3n de los bosques existentes (80%) en lugar de la reforestaci\u00f3n (20%). Comenzamos a ofrecer pr\u00e9stamos suaves y subvenciones para peque\u00f1os propietarios (de 1 a 5 hect\u00e1reas), con el objetivo de aumentar r\u00e1pidamente los esfuerzos de reforestaci\u00f3n. <\/span><span style=\"font-weight: 400;\"><br \/>\n<\/span><span style=\"font-weight: 400;\"><br \/>\n<\/span><span style=\"font-weight: 400;\">aprovechando las cooperativas y organizaciones agr\u00edcolas existentes como intermediarios, implementamos un plan de reembolso con pr\u00e9stamos desembolsados en un per\u00edodo de 5 a\u00f1os. El 50% del pr\u00e9stamo se otorgar\u00eda en el primer a\u00f1o para establecer la plantaci\u00f3n. El aspecto innovador de esta estrategia fue que el crecimiento y la salud exitosa de los \u00e1rboles al final del quinto a\u00f1o serv\u00edan como garant\u00eda, lo que permit\u00eda anular los documentos del pr\u00e9stamo. Sorprendentemente, este enfoque result\u00f3 en una tasa de reembolso del 97%.\u00a0<\/span><\/p>\n<p><span style=\"font-weight: 400;\">\u00a1Nuestro enfoque tuvo \u00e9xito! Pudimos darle valor econ\u00f3mico a los bosques en pie de Costa Rica y catalizamos un r\u00e1pido crecimiento de la demanda. Adem\u00e1s, sent\u00f3 las bases para el pionero de Costa Rica. <\/span><span style=\"font-weight: 400;\">canje de deuda por naturaleza<\/span><span style=\"font-weight: 400;\"> mecanismo, que reforz\u00f3 a\u00fan m\u00e1s los esfuerzos de conservaci\u00f3n.<\/span><\/p>\n<\/div><\/div><\/div><\/div><\/div><\/div><\/section><section class=\"l-section wpb_row height_large color_primary\"><div class=\"l-section-h i-cf\"><div class=\"g-cols vc_row via_grid cols_2 laptops-cols_inherit tablets-cols_inherit mobiles-cols_1 valign_top type_default stacking_default\"><div class=\"wpb_column vc_column_container us_custom_60e9caca us_animate_this\"><div class=\"vc_column-inner\"><div class=\"w-actionbox color_primary controls_right\"><div class=\"w-actionbox-text\"><h3 class=\"w-actionbox-title\">\u00bfQuieres leer m\u00e1s sobre esto?<\/h3><div class=\"w-actionbox-description\"><p>Haz clic en los botones para ver publicaciones relevantes sobre este tema.<\/p>\n<\/div><\/div><\/div><\/div><\/div><div class=\"wpb_column vc_column_container\"><div class=\"vc_column-inner\"><div class=\"w-btn-wrapper align_none\"><a class=\"w-btn us-btn-style_2\" target=\"_blank\" href=\"https:\/\/www.alvaroumana.com\/wp-content\/uploads\/2024\/06\/Alvaros-publication-in-the-Royal-Society.pdf\"><span class=\"w-btn-label\">Mi publicaci\u00f3n en ROYAL SOCIETY: Valorando la naturaleza<\/span><\/a><\/div><div class=\"w-btn-wrapper align_none\"><a class=\"w-btn us-btn-style_2\" target=\"_blank\" href=\"https:\/\/www.alvaroumana.com\/wp-content\/uploads\/2024\/06\/Report-from-David-Korten-on-ECO-nomics.pdf\"><span class=\"w-btn-label\">Eco-nom\u00eda para una civilizaci\u00f3n ecol\u00f3gica<\/span><\/a><\/div><\/div><\/div><\/div><\/div><\/section><section class=\"l-section wpb_row align_center height_huge color_primary with_img\"><div class=\"l-section-img lazyload\" role=\"img\" data-img-width=\"1920\" data-img-height=\"1080\" style=\"background-image:inherit;\" data-bg-image=\"url(https:\/\/www.alvaroumana.com\/wp-content\/uploads\/2024\/04\/Alvaro-Home-Slider.jpg)\"><\/div><div class=\"l-section-overlay\" style=\"background:rgba(0,0,0,0.4)\"><\/div><div class=\"l-section-h i-cf\"><div class=\"g-cols vc_row via_grid cols_1 laptops-cols_inherit tablets-cols_inherit mobiles-cols_1 valign_top type_default stacking_default\"><div class=\"wpb_column vc_column_container\"><div class=\"vc_column-inner\"><h3 class=\"w-text us_custom_ea3da4e3\"><span class=\"w-text-h\"><span class=\"w-text-value\">Lee mis otras historias<\/span><\/span><\/h3><div class=\"g-cols wpb_row via_grid cols_2 laptops-cols_inherit tablets-cols_inherit mobiles-cols_1 valign_top type_default stacking_default\" style=\"--gap:3rem;\"><div class=\"wpb_column vc_column_container\"><div class=\"vc_column-inner\"><div class=\"w-iconbox iconpos_left style_default color_contrast align_left\"><a href=\"https:\/\/www.alvaroumana.com\/es\/creation-of-ministry-of-environment-and-energy\/\" class=\"w-iconbox-link\" aria-label=\"Creaci\u00f3n del Ministerio de Ambiente y Energ\u00eda\"><div class=\"w-iconbox-icon\" style=\"font-size:2rem;\"><i class=\"material-icons\">chevron_right<\/i><\/div><\/a><div class=\"w-iconbox-meta\"><a href=\"https:\/\/www.alvaroumana.com\/es\/creation-of-ministry-of-environment-and-energy\/\" class=\"w-iconbox-link\" aria-label=\"Creaci\u00f3n del Ministerio de Ambiente y Energ\u00eda\"><h4 class=\"w-iconbox-title\" style=\"font-size:20px;\">Creaci\u00f3n del Ministerio de Ambiente y Energ\u00eda<\/h4><\/a><div class=\"w-iconbox-text\"><p><span style=\"font-weight: 400;\">Descubre c\u00f3mo Costa Rica fue pionera al otorgarle a la naturaleza poder pol\u00edtico y un puesto a nivel de gabinete.<\/span><\/p>\n<\/div><\/div><\/div><div class=\"w-separator size_small\"><\/div><div class=\"w-iconbox iconpos_left style_default color_contrast align_left\"><a href=\"https:\/\/www.alvaroumana.com\/es\/creation-of-ministry-of-environment-and-energy\/\" class=\"w-iconbox-link\" aria-label=\"Reorganizaci\u00f3n de Conservaci\u00f3n y Biodiversidad\"><div class=\"w-iconbox-icon\" style=\"font-size:2rem;\"><i class=\"material-icons\">chevron_right<\/i><\/div><\/a><div class=\"w-iconbox-meta\"><a href=\"https:\/\/www.alvaroumana.com\/es\/creation-of-ministry-of-environment-and-energy\/\" class=\"w-iconbox-link\" aria-label=\"Reorganizaci\u00f3n de Conservaci\u00f3n y Biodiversidad\"><h4 class=\"w-iconbox-title\" style=\"font-size:20px;\">Reorganizaci\u00f3n de Conservaci\u00f3n y Biodiversidad<\/h4><\/a><div class=\"w-iconbox-text\"><p><span style=\"font-weight: 400;\">Explora c\u00f3mo Costa Rica reemplaz\u00f3 la visi\u00f3n occidental tradicional de conservaci\u00f3n por un modelo nuevo y pr\u00f3spero.<\/span><\/p>\n<\/div><\/div><\/div><div class=\"w-separator size_small\"><\/div><div class=\"w-iconbox iconpos_left style_default color_contrast align_left\"><a href=\"https:\/\/www.alvaroumana.com\/es\/ecological-economics\/\" class=\"w-iconbox-link\" aria-label=\"Econom\u00eda Ecol\u00f3gica\"><div class=\"w-iconbox-icon\" style=\"font-size:2rem;\"><i class=\"material-icons\">chevron_right<\/i><\/div><\/a><div class=\"w-iconbox-meta\"><a href=\"https:\/\/www.alvaroumana.com\/es\/ecological-economics\/\" class=\"w-iconbox-link\" aria-label=\"Econom\u00eda Ecol\u00f3gica\"><h4 class=\"w-iconbox-title\" style=\"font-size:20px;\">Econom\u00eda Ecol\u00f3gica<\/h4><\/a><div class=\"w-iconbox-text\"><p><span style=\"font-weight: 400;\">Descubre c\u00f3mo Costa Rica otorg\u00f3 valor econ\u00f3mico a sus bosques mediante la implementaci\u00f3n de incentivos forestales.<\/span><\/p>\n<\/div><\/div><\/div><\/div><\/div><div class=\"wpb_column vc_column_container\"><div class=\"vc_column-inner\"><div class=\"w-iconbox iconpos_left style_default color_contrast align_left\"><a href=\"https:\/\/www.alvaroumana.com\/es\/reversing-deforestation-in-costa-rica\/\" class=\"w-iconbox-link\" aria-label=\"Reversi\u00f3n de la Deforestaci\u00f3n y Desarrollo Forestal\"><div class=\"w-iconbox-icon\" style=\"font-size:2rem;\"><i class=\"material-icons\">chevron_right<\/i><\/div><\/a><div class=\"w-iconbox-meta\"><a href=\"https:\/\/www.alvaroumana.com\/es\/reversing-deforestation-in-costa-rica\/\" class=\"w-iconbox-link\" aria-label=\"Reversi\u00f3n de la Deforestaci\u00f3n y Desarrollo Forestal\"><h4 class=\"w-iconbox-title\" style=\"font-size:20px;\">Reversi\u00f3n de la Deforestaci\u00f3n y Desarrollo Forestal<\/h4><\/a><div class=\"w-iconbox-text\"><p><span style=\"font-weight: 400;\">C\u00f3mo Costa Rica pas\u00f3 del 26% de cobertura forestal en la d\u00e9cada de 1980 a casi el 60% en 2024, mientras impulsaba una prosperidad econ\u00f3mica sostenible. <\/span><\/p>\n<\/div><\/div><\/div><div class=\"w-separator size_small\"><\/div><div class=\"w-iconbox iconpos_left style_default color_contrast align_left\"><a href=\"https:\/\/www.alvaroumana.com\/es\/debt-for-nature-swaps\/\" class=\"w-iconbox-link\" aria-label=\"Canje de Deuda para la Conservaci\u00f3n\"><div class=\"w-iconbox-icon\" style=\"font-size:2rem;\"><i class=\"material-icons\">chevron_right<\/i><\/div><\/a><div class=\"w-iconbox-meta\"><a href=\"https:\/\/www.alvaroumana.com\/es\/debt-for-nature-swaps\/\" class=\"w-iconbox-link\" aria-label=\"Canje de Deuda para la Conservaci\u00f3n\"><h4 class=\"w-iconbox-title\" style=\"font-size:20px;\">Canje de Deuda para la Conservaci\u00f3n<\/h4><\/a><div class=\"w-iconbox-text\"><p><span style=\"font-weight: 400;\">Conozca una de las soluciones financieras m\u00e1s creativas implementadas en la lucha contra el cambio clim\u00e1tico.<\/span><\/p>\n<\/div><\/div><\/div><div class=\"w-separator size_small\"><\/div><div class=\"w-iconbox iconpos_left style_default color_contrast align_left\"><a href=\"https:\/\/www.alvaroumana.com\/es\/climate-change\/\" class=\"w-iconbox-link\" aria-label=\"Cambio Clim\u00e1tico\"><div class=\"w-iconbox-icon\" style=\"font-size:2rem;\"><i class=\"material-icons\">chevron_right<\/i><\/div><\/a><div class=\"w-iconbox-meta\"><a href=\"https:\/\/www.alvaroumana.com\/es\/climate-change\/\" class=\"w-iconbox-link\" aria-label=\"Cambio Clim\u00e1tico\"><h4 class=\"w-iconbox-title\" style=\"font-size:20px;\">Cambio Clim\u00e1tico<\/h4><\/a><div class=\"w-iconbox-text\"><p>Reflexione sobre los desaf\u00edos y frustraciones de las negociaciones clim\u00e1ticas globales y la necesidad de acci\u00f3n.<\/p>\n<\/div><\/div><\/div><\/div><\/div><\/div><\/div><\/div><\/div><\/div><\/section>","protected":false},"excerpt":{"rendered":"Costa Rica\u2019s path to Ecological EconomicsHow we gave Costa Rica\u2019s forest value Before becoming Costa Rica\u2019s first Minister of Environment and Energy in 1986, our national parks and forest policy were part of the Ministry of Agriculture, where they were completely overshadowed by agricultural interests. As I took on my new role, I saw it...","protected":false},"author":1,"featured_media":0,"parent":0,"menu_order":0,"comment_status":"closed","ping_status":"closed","template":"","meta":{"_acf_changed":false,"footnotes":""},"class_list":["post-24087","page","type-page","status-publish","hentry"],"acf":[],"yoast_head":"<!-- This site is optimized with the Yoast SEO plugin v27.5 - https:\/\/yoast.com\/product\/yoast-seo-wordpress\/ -->\n<title>Ecological Economics - Alvaro Uma\u00f1a<\/title>\n<meta name=\"description\" content=\"From promoting reforestation to preventing deforestation: Discover how Costa Rica gave forests economic value by shifting fiscal incentives.\" \/>\n<meta name=\"robots\" content=\"index, follow, max-snippet:-1, max-image-preview:large, max-video-preview:-1\" \/>\n<link rel=\"canonical\" href=\"https:\/\/www.alvaroumana.com\/es\/ecological-economics\/\" \/>\n<meta property=\"og:locale\" content=\"es_ES\" \/>\n<meta property=\"og:type\" content=\"article\" \/>\n<meta property=\"og:title\" content=\"Ecological Economics - Alvaro Uma\u00f1a\" \/>\n<meta property=\"og:description\" content=\"From promoting reforestation to preventing deforestation: Discover how Costa Rica gave forests economic value by shifting fiscal incentives.\" \/>\n<meta property=\"og:url\" content=\"https:\/\/www.alvaroumana.com\/es\/ecological-economics\/\" \/>\n<meta property=\"og:site_name\" content=\"Alvaro Uma\u00f1a\" \/>\n<meta property=\"article:modified_time\" content=\"2025-01-13T18:05:32+00:00\" \/>\n<meta name=\"twitter:card\" content=\"summary_large_image\" \/>\n<meta name=\"twitter:label1\" content=\"Tiempo de lectura\" \/>\n\t<meta name=\"twitter:data1\" content=\"4 minutos\" \/>\n<script type=\"application\/ld+json\" class=\"yoast-schema-graph\">{\"@context\":\"https:\\\/\\\/schema.org\",\"@graph\":[{\"@type\":\"WebPage\",\"@id\":\"https:\\\/\\\/www.alvaroumana.com\\\/ecological-economics\\\/\",\"url\":\"https:\\\/\\\/www.alvaroumana.com\\\/ecological-economics\\\/\",\"name\":\"Ecological Economics - Alvaro Uma\u00f1a\",\"isPartOf\":{\"@id\":\"https:\\\/\\\/www.alvaroumana.com\\\/#website\"},\"datePublished\":\"2024-06-02T10:42:03+00:00\",\"dateModified\":\"2025-01-13T18:05:32+00:00\",\"description\":\"From promoting reforestation to preventing deforestation: Discover how Costa Rica gave forests economic value by shifting fiscal incentives.\",\"breadcrumb\":{\"@id\":\"https:\\\/\\\/www.alvaroumana.com\\\/ecological-economics\\\/#breadcrumb\"},\"inLanguage\":\"es\",\"potentialAction\":[{\"@type\":\"ReadAction\",\"target\":[\"https:\\\/\\\/www.alvaroumana.com\\\/ecological-economics\\\/\"]}]},{\"@type\":\"BreadcrumbList\",\"@id\":\"https:\\\/\\\/www.alvaroumana.com\\\/ecological-economics\\\/#breadcrumb\",\"itemListElement\":[{\"@type\":\"ListItem\",\"position\":1,\"name\":\"Home\",\"item\":\"https:\\\/\\\/www.alvaroumana.com\\\/\"},{\"@type\":\"ListItem\",\"position\":2,\"name\":\"Ecological Economics\"}]},{\"@type\":\"WebSite\",\"@id\":\"https:\\\/\\\/www.alvaroumana.com\\\/#website\",\"url\":\"https:\\\/\\\/www.alvaroumana.com\\\/\",\"name\":\"Alvaro Uma\u00f1a\",\"description\":\"Costa Rica&#039;s first Minister of Environment\",\"potentialAction\":[{\"@type\":\"SearchAction\",\"target\":{\"@type\":\"EntryPoint\",\"urlTemplate\":\"https:\\\/\\\/www.alvaroumana.com\\\/?s={search_term_string}\"},\"query-input\":{\"@type\":\"PropertyValueSpecification\",\"valueRequired\":true,\"valueName\":\"search_term_string\"}}],\"inLanguage\":\"es\"}]}<\/script>\n<!-- \/ Yoast SEO plugin. -->","yoast_head_json":{"title":"Ecological Economics - Alvaro Uma\u00f1a","description":"From promoting reforestation to preventing deforestation: Discover how Costa Rica gave forests economic value by shifting fiscal incentives.","robots":{"index":"index","follow":"follow","max-snippet":"max-snippet:-1","max-image-preview":"max-image-preview:large","max-video-preview":"max-video-preview:-1"},"canonical":"https:\/\/www.alvaroumana.com\/es\/ecological-economics\/","og_locale":"es_ES","og_type":"article","og_title":"Ecological Economics - Alvaro Uma\u00f1a","og_description":"From promoting reforestation to preventing deforestation: Discover how Costa Rica gave forests economic value by shifting fiscal incentives.","og_url":"https:\/\/www.alvaroumana.com\/es\/ecological-economics\/","og_site_name":"Alvaro Uma\u00f1a","article_modified_time":"2025-01-13T18:05:32+00:00","twitter_card":"summary_large_image","twitter_misc":{"Tiempo de lectura":"4 minutos"},"schema":{"@context":"https:\/\/schema.org","@graph":[{"@type":"WebPage","@id":"https:\/\/www.alvaroumana.com\/ecological-economics\/","url":"https:\/\/www.alvaroumana.com\/ecological-economics\/","name":"Ecological Economics - Alvaro Uma\u00f1a","isPartOf":{"@id":"https:\/\/www.alvaroumana.com\/#website"},"datePublished":"2024-06-02T10:42:03+00:00","dateModified":"2025-01-13T18:05:32+00:00","description":"From promoting reforestation to preventing deforestation: Discover how Costa Rica gave forests economic value by shifting fiscal incentives.","breadcrumb":{"@id":"https:\/\/www.alvaroumana.com\/ecological-economics\/#breadcrumb"},"inLanguage":"es","potentialAction":[{"@type":"ReadAction","target":["https:\/\/www.alvaroumana.com\/ecological-economics\/"]}]},{"@type":"BreadcrumbList","@id":"https:\/\/www.alvaroumana.com\/ecological-economics\/#breadcrumb","itemListElement":[{"@type":"ListItem","position":1,"name":"Home","item":"https:\/\/www.alvaroumana.com\/"},{"@type":"ListItem","position":2,"name":"Ecological Economics"}]},{"@type":"WebSite","@id":"https:\/\/www.alvaroumana.com\/#website","url":"https:\/\/www.alvaroumana.com\/","name":"Alvaro Uma\u00f1a","description":"Costa Rica&#039;s first Minister of Environment","potentialAction":[{"@type":"SearchAction","target":{"@type":"EntryPoint","urlTemplate":"https:\/\/www.alvaroumana.com\/?s={search_term_string}"},"query-input":{"@type":"PropertyValueSpecification","valueRequired":true,"valueName":"search_term_string"}}],"inLanguage":"es"}]}},"_links":{"self":[{"href":"https:\/\/www.alvaroumana.com\/es\/wp-json\/wp\/v2\/pages\/24087","targetHints":{"allow":["GET"]}}],"collection":[{"href":"https:\/\/www.alvaroumana.com\/es\/wp-json\/wp\/v2\/pages"}],"about":[{"href":"https:\/\/www.alvaroumana.com\/es\/wp-json\/wp\/v2\/types\/page"}],"author":[{"embeddable":true,"href":"https:\/\/www.alvaroumana.com\/es\/wp-json\/wp\/v2\/users\/1"}],"replies":[{"embeddable":true,"href":"https:\/\/www.alvaroumana.com\/es\/wp-json\/wp\/v2\/comments?post=24087"}],"version-history":[{"count":17,"href":"https:\/\/www.alvaroumana.com\/es\/wp-json\/wp\/v2\/pages\/24087\/revisions"}],"predecessor-version":[{"id":24413,"href":"https:\/\/www.alvaroumana.com\/es\/wp-json\/wp\/v2\/pages\/24087\/revisions\/24413"}],"wp:attachment":[{"href":"https:\/\/www.alvaroumana.com\/es\/wp-json\/wp\/v2\/media?parent=24087"}],"curies":[{"name":"wp","href":"https:\/\/api.w.org\/{rel}","templated":true}]}}