{"id":24231,"date":"2024-07-27T02:03:16","date_gmt":"2024-07-27T02:03:16","guid":{"rendered":"https:\/\/www.spekglad.com\/ALVAROUMANA\/?page_id=24231"},"modified":"2025-01-13T17:55:43","modified_gmt":"2025-01-13T17:55:43","slug":"debt-for-nature-swaps","status":"publish","type":"page","link":"https:\/\/www.alvaroumana.com\/es\/debt-for-nature-swaps\/","title":{"rendered":"Canje de Deuda"},"content":{"rendered":"<section class=\"l-section wpb_row align_center height_huge color_primary with_img\"><div class=\"l-section-img lazyload\" role=\"img\" data-img-width=\"2560\" data-img-height=\"1704\" style=\"background-image:inherit;background-position: top right;\" data-bg-image=\"url(https:\/\/www.alvaroumana.com\/wp-content\/uploads\/2024\/07\/Debt-for-Nature-Swaps-Alvaro-Umana-scaled.jpg)\"><\/div><div class=\"l-section-overlay\" style=\"background:rgba(0,0,0,0.4)\"><\/div><div class=\"l-section-h i-cf\"><div class=\"g-cols vc_row via_grid cols_1 laptops-cols_inherit tablets-cols_inherit mobiles-cols_1 valign_top type_default stacking_default\"><div class=\"wpb_column vc_column_container\"><div class=\"vc_column-inner\"><div class=\"w-separator size_small\"><\/div><h1 class=\"w-text us_custom_ea3da4e3\"><span class=\"w-text-h\"><span class=\"w-text-value\">Canje de Deuda<\/span><\/span><\/h1><div class=\"w-separator size_huge\"><\/div><\/div><\/div><\/div><\/div><\/section><section class=\"l-section wpb_row height_large\" id=\"simple\"><div class=\"l-section-h i-cf\"><div class=\"g-cols vc_row via_grid cols_1 laptops-cols_inherit tablets-cols_inherit mobiles-cols_1 valign_middle type_default stacking_default\"><div class=\"wpb_column vc_column_container us_custom_7e20fa79 us_animate_this\"><div class=\"vc_column-inner\"><div class=\"wpb_text_column\"><div class=\"wpb_wrapper\"><h2><span style=\"font-weight: 400;\">Financiando la conservaci\u00f3n en Costa Rica<\/span><\/h2>\n<p><span style=\"font-weight: 400;\">Los canjes de deuda por naturaleza son una estrategia financiera que busca reducir la deuda de un pa\u00eds mientras protege su medio ambiente.\u00a0<\/span><\/p>\n<p><span style=\"font-weight: 400;\"><strong>Funciona de la siguiente manera:<\/strong> Un donante (generalmente una ONG o grupo de conservaci\u00f3n) compra una parte de un pr\u00e9stamo extranjero pendiente de un pa\u00eds en desarrollo a un precio con descuento de uno de sus acreedores, a menudo un banco. El vendedor est\u00e1 dispuesto a ofrecer un descuento significativo (hasta un 80% o m\u00e1s) porque duda que el pa\u00eds pueda pagar el pr\u00e9stamo. El comprador convierte los pr\u00e9stamos en bonos en moneda local, multiplicando efectivamente el valor de las subvenciones originales mientras reduce la deuda externa del pa\u00eds, y dona estos bonos a proyectos locales que financian iniciativas ambientales.<\/span><\/p>\n<p><span style=\"font-weight: 400;\">La idea original de utilizar la deuda para la protecci\u00f3n ambiental vino de mi amigo Dr. Thomas Lovejoy, el ex vicepresidente de WWF, a principios de los a\u00f1os 80. Sin embargo, excepto por un peque\u00f1o acuerdo inicial en Bolivia, no se hab\u00eda implementado.<\/span><\/p>\n<p><span style=\"font-weight: 400;\">Bajo mi mandato como <\/span><a href=\"https:\/\/www.alvaroumana.com\/es\/creation-of-ministry-of-environment-and-energy\/\"><span style=\"font-weight: 400;\">primer Ministro de Ambiente de Costa Rica<\/span><\/a><span style=\"font-weight: 400;\">, fuimos el primer pa\u00eds en dise\u00f1ar e implementar un programa para este mecanismo en 1988.\u00a0<\/span><\/p>\n<\/div><\/div><\/div><\/div><\/div><\/div><\/section><section class=\"l-section wpb_row align_center height_small color_primary\"><div class=\"l-section-overlay\" style=\"background:rgba(0,0,0,0.4)\"><\/div><div class=\"l-section-h i-cf\"><div class=\"g-cols vc_row via_grid cols_1 laptops-cols_inherit tablets-cols_inherit mobiles-cols_1 valign_top type_default stacking_default\"><div class=\"wpb_column vc_column_container stretched\"><div class=\"vc_column-inner\"><div class=\"w-image align_none\"><div class=\"w-image-h\"><img decoding=\"async\" width=\"1888\" height=\"800\" data-src=\"https:\/\/www.alvaroumana.com\/wp-content\/uploads\/2024\/07\/Alvaro-Umana-1988.png\" class=\"attachment-full size-full lazyload\" alt=\"\" data-srcset=\"https:\/\/www.alvaroumana.com\/wp-content\/uploads\/2024\/07\/Alvaro-Umana-1988.png 1888w, https:\/\/www.alvaroumana.com\/wp-content\/uploads\/2024\/07\/Alvaro-Umana-1988-300x127.png 300w, https:\/\/www.alvaroumana.com\/wp-content\/uploads\/2024\/07\/Alvaro-Umana-1988-1024x434.png 1024w\" data-sizes=\"auto, (max-width: 1888px) 100vw, 1888px\" src=\"data:image\/svg+xml;base64,PHN2ZyB3aWR0aD0iMSIgaGVpZ2h0PSIxIiB4bWxucz0iaHR0cDovL3d3dy53My5vcmcvMjAwMC9zdmciPjwvc3ZnPg==\" style=\"--smush-placeholder-width: 1888px; --smush-placeholder-aspect-ratio: 1888\/800;\" \/><\/div><\/div><\/div><\/div><\/div><\/div><\/section><section class=\"l-section wpb_row height_large\" id=\"simple\"><div class=\"l-section-h i-cf\"><div class=\"g-cols vc_row via_grid cols_2-1 laptops-cols_inherit tablets-cols_inherit mobiles-cols_1 valign_middle type_default stacking_default\"><div class=\"wpb_column vc_column_container us_custom_7e20fa79 us_animate_this\"><div class=\"vc_column-inner\"><div class=\"wpb_text_column\"><div class=\"wpb_wrapper\"><h3>Ganar-Ganar-Ganar<\/h3>\n<p><span style=\"font-weight: 400;\">La idea de los canjes de deuda es que todos ganan: los prestamistas extranjeros eliminan deudas incobrables de sus balances, Costa Rica reduce su deuda externa, y los donantes amplifican su impacto al aumentar nuestros esfuerzos por la conservaci\u00f3n de los bosques y la reforestaci\u00f3n con fondos adicionales.\u00a0<\/span><\/p>\n<p><span style=\"font-weight: 400;\">La teor\u00eda result\u00f3 exitosa: los canjes de deuda por naturaleza se han convertido en una de las herramientas m\u00e1s importantes de Costa Rica para mejorar la conservaci\u00f3n hasta el d\u00eda de hoy. <\/span><\/p>\n<h4>Resultados transformadores e Impacto Duradero<\/h4>\n<p><span style=\"font-weight: 400;\">Despu\u00e9s de una primera ola de canjes de deuda por naturaleza comerciales, nuestros esfuerzos llamaron la atenci\u00f3n de los Pa\u00edses Bajos y Suecia. Lo que ayud\u00f3 mucho a ganar impulso fue la atenci\u00f3n internacional que Costa Rica recibi\u00f3 cuando el presidente Oscar Ar\u00edas fue galardonado con el Premio Nobel de la Paz.\u00a0<\/span><span style=\"font-weight: 400;\"><br \/>\n<\/span><span style=\"font-weight: 400;\"><br \/>\n<\/span><span style=\"font-weight: 400;\">Propuse el canje de deuda al gobierno de los Pa\u00edses Bajos, que aprob\u00f3 r\u00e1pidamente un programa de $5 millones centrado completamente en la silvicultura. Los resultados fueron notables: los holandeses compraron deuda entre el 14% y el 17% de su valor nominal, casi duplicando la cantidad original mediante bonos a corto plazo proporcionados por el Banco Central de Costa Rica. Esta estrategia financiera canaliz\u00f3 recursos significativos al Fondo de Desarrollo Forestal (FDF), el cual co-gestion\u00e9 con el Embajador de los Pa\u00edses Bajos, y sent\u00f3 las bases para lo que se convertir\u00eda en el programa de Pago por Servicios Ambientales (PSA).<\/span><\/p>\n<p><span style=\"font-weight: 400;\">El canje de deuda sueco se centr\u00f3 en el proyecto del Parque Nacional Guanacaste. La deuda, comprada de manera pro bono por Salomon Brothers de EE. UU., se ejecut\u00f3 a trav\u00e9s de la Fundaci\u00f3n Parques Nacionales. Las donaciones y subvenciones, que sumaron casi $12 millones, se utilizaron para comprar deuda con un valor nominal de $75 millones. El Banco Central devolvi\u00f3 m\u00e1s de $35 millones en bonos en moneda local con per\u00edodos de maduraci\u00f3n cortos. Esto triplic\u00f3 el valor de las contribuciones de los donantes, mientras que redujo significativamente la deuda externa del gobierno.<\/span><\/p>\n<p><span style=\"font-weight: 400;\">M\u00e1s tarde, propuse expandir este programa a deuda bilateral o de gobierno a gobierno, una idea que fue adoptada por Estados Unidos y se convirti\u00f3 en la base de la Ley de Conservaci\u00f3n Forestal Tropical. Hasta ahora, Costa Rica ha intercambiado m\u00e1s de 65 millones de d\u00f3lares bajo este programa. Un ejemplo notable es el <a href=\"https:\/\/canjeporbosques.org\/en\/what-is-the-second-u-s-c-r-debt-swap\/\" target=\"_blank\" rel=\"noopener\">segundo canje entre Estados Unidos y Costa Rica<\/a>, que se consolid\u00f3 en 2010 y ha estado activo desde entonces.\u00a0<\/span><\/p>\n<p><span style=\"font-weight: 400;\">A lo largo de los a\u00f1os, los canjes han contribuido significativamente al aumento de la cobertura forestal de Costa Rica, pasando de menos del 30% a m\u00e1s del 55% del \u00e1rea terrestre.\u00a0<\/span><\/p>\n<h4>Impacto Global e Inspiraci\u00f3n<\/h4>\n<p><span style=\"font-weight: 400;\">Los canjes de deuda por naturaleza no solo han proporcionado alivio financiero para Costa Rica, sino que tambi\u00e9n han catalizado un camino sostenible para la gesti\u00f3n forestal, inspirando a otros pa\u00edses a adoptar estrategias similares para la conservaci\u00f3n y protecci\u00f3n del medio ambiente.<\/span><\/p>\n<p><span style=\"font-weight: 400;\">Recientemente, los canjes de deuda est\u00e1n recibiendo una atenci\u00f3n renovada para abordar los problemas cr\u00edticos del cambio clim\u00e1tico. Por ejemplo, tanto Brasil como Colombia han propuesto canjes de deuda bilaterales para proteger el Amazonas y abordar los desaf\u00edos del cambio clim\u00e1tico en esa regi\u00f3n.<\/span><\/p>\n<\/div><\/div><\/div><\/div><div class=\"wpb_column vc_column_container\"><div class=\"vc_column-inner\"><div class=\"w-image align_none\"><div class=\"w-image-h\"><img decoding=\"async\" width=\"631\" height=\"1024\" data-src=\"https:\/\/www.alvaroumana.com\/wp-content\/uploads\/2024\/07\/Costa-Rica-forest-and-waterfall-631x1024.jpg\" class=\"attachment-large size-large lazyload\" alt=\"\" data-srcset=\"https:\/\/www.alvaroumana.com\/wp-content\/uploads\/2024\/07\/Costa-Rica-forest-and-waterfall-631x1024.jpg 631w, https:\/\/www.alvaroumana.com\/wp-content\/uploads\/2024\/07\/Costa-Rica-forest-and-waterfall-185x300.jpg 185w, https:\/\/www.alvaroumana.com\/wp-content\/uploads\/2024\/07\/Costa-Rica-forest-and-waterfall-scaled.jpg 1578w\" data-sizes=\"auto, (max-width: 631px) 100vw, 631px\" src=\"data:image\/svg+xml;base64,PHN2ZyB3aWR0aD0iMSIgaGVpZ2h0PSIxIiB4bWxucz0iaHR0cDovL3d3dy53My5vcmcvMjAwMC9zdmciPjwvc3ZnPg==\" style=\"--smush-placeholder-width: 631px; --smush-placeholder-aspect-ratio: 631\/1024;\" \/><\/div><\/div><div class=\"w-separator size_medium\"><\/div><div class=\"w-image us_custom_afe5b2a8 align_none\"><div class=\"w-image-h\"><img decoding=\"async\" width=\"683\" height=\"1024\" data-src=\"https:\/\/www.alvaroumana.com\/wp-content\/uploads\/2024\/07\/Costa-Rica-Quepos-e1722045314357-683x1024.jpg\" class=\"attachment-large size-large lazyload\" alt=\"\" data-srcset=\"https:\/\/www.alvaroumana.com\/wp-content\/uploads\/2024\/07\/Costa-Rica-Quepos-e1722045314357-683x1024.jpg 683w, https:\/\/www.alvaroumana.com\/wp-content\/uploads\/2024\/07\/Costa-Rica-Quepos-e1722045314357-200x300.jpg 200w, https:\/\/www.alvaroumana.com\/wp-content\/uploads\/2024\/07\/Costa-Rica-Quepos-e1722045314357.jpg 1280w\" data-sizes=\"auto, (max-width: 683px) 100vw, 683px\" src=\"data:image\/svg+xml;base64,PHN2ZyB3aWR0aD0iMSIgaGVpZ2h0PSIxIiB4bWxucz0iaHR0cDovL3d3dy53My5vcmcvMjAwMC9zdmciPjwvc3ZnPg==\" style=\"--smush-placeholder-width: 683px; --smush-placeholder-aspect-ratio: 683\/1024;\" \/><\/div><\/div><\/div><\/div><\/div><\/div><\/section><section class=\"l-section wpb_row height_large color_primary\"><div class=\"l-section-h i-cf\"><div class=\"g-cols vc_row via_grid cols_2 laptops-cols_inherit tablets-cols_inherit mobiles-cols_1 valign_top type_default stacking_default\"><div class=\"wpb_column vc_column_container us_custom_60e9caca us_animate_this\"><div class=\"vc_column-inner\"><div class=\"w-actionbox color_primary controls_right\"><div class=\"w-actionbox-text\"><h3 class=\"w-actionbox-title\">\u00bfQuieres leer m\u00e1s sobre esto?<\/h3><div class=\"w-actionbox-description\"><p>Los canjes de deuda por naturaleza de Costa Rica han recibido una considerable atenci\u00f3n internacional. Haz clic en los botones para acceder a publicaciones relevantes sobre este tema.<\/p>\n<\/div><\/div><\/div><\/div><\/div><div class=\"wpb_column vc_column_container\"><div class=\"vc_column-inner\"><div class=\"w-btn-wrapper align_none\"><a class=\"w-btn us-btn-style_2\" target=\"_blank\" href=\"https:\/\/www.science.org\/doi\/10.1126\/science.239.4846.1366\"><span class=\"w-btn-label\">Science: Costa Rica\u2019s Campaign for Conservation<\/span><\/a><\/div><div class=\"w-btn-wrapper align_none\"><a class=\"w-btn us-btn-style_2\" target=\"_blank\" href=\"https:\/\/documents1.worldbank.org\/curated\/en\/300181468739253960\/pdf\/multi0page.pdf\"><span class=\"w-btn-label\">World Bank 1990: Debt-For-Nature Swaps<\/span><\/a><\/div><div class=\"w-btn-wrapper align_none\"><a class=\"w-btn us-btn-style_2\" target=\"_blank\" href=\"https:\/\/www.csmonitor.com\/1989\/0104\/dcosta.html\"><span class=\"w-btn-label\">Costa Rica Halts Assault on Its Fragile Tropical Forests<\/span><\/a><\/div><\/div><\/div><\/div><\/div><\/section><section class=\"l-section wpb_row align_center height_huge color_primary with_img\"><div class=\"l-section-img lazyload\" role=\"img\" data-img-width=\"1920\" data-img-height=\"1080\" style=\"background-image:inherit;\" data-bg-image=\"url(https:\/\/www.alvaroumana.com\/wp-content\/uploads\/2024\/04\/Alvaro-Home-Slider.jpg)\"><\/div><div class=\"l-section-overlay\" style=\"background:rgba(0,0,0,0.4)\"><\/div><div class=\"l-section-h i-cf\"><div class=\"g-cols vc_row via_grid cols_1 laptops-cols_inherit tablets-cols_inherit mobiles-cols_1 valign_top type_default stacking_default\"><div class=\"wpb_column vc_column_container\"><div class=\"vc_column-inner\"><h3 class=\"w-text us_custom_ea3da4e3\"><span class=\"w-text-h\"><span class=\"w-text-value\">Lee mis otras historias<\/span><\/span><\/h3><div class=\"g-cols wpb_row via_grid cols_2 laptops-cols_inherit tablets-cols_inherit mobiles-cols_1 valign_top type_default stacking_default\" style=\"--gap:3rem;\"><div class=\"wpb_column vc_column_container\"><div class=\"vc_column-inner\"><div class=\"w-iconbox iconpos_left style_default color_contrast align_left\"><a href=\"https:\/\/www.alvaroumana.com\/es\/creation-of-ministry-of-environment-and-energy\/\" class=\"w-iconbox-link\" aria-label=\"Creaci\u00f3n del Ministerio de Ambiente y Energ\u00eda\"><div class=\"w-iconbox-icon\" style=\"font-size:2rem;\"><i class=\"material-icons\">chevron_right<\/i><\/div><\/a><div class=\"w-iconbox-meta\"><a href=\"https:\/\/www.alvaroumana.com\/es\/creation-of-ministry-of-environment-and-energy\/\" class=\"w-iconbox-link\" aria-label=\"Creaci\u00f3n del Ministerio de Ambiente y Energ\u00eda\"><h4 class=\"w-iconbox-title\" style=\"font-size:20px;\">Creaci\u00f3n del Ministerio de Ambiente y Energ\u00eda<\/h4><\/a><div class=\"w-iconbox-text\"><p><span style=\"font-weight: 400;\">Descubre c\u00f3mo Costa Rica fue pionera al otorgarle a la naturaleza poder pol\u00edtico y un puesto a nivel de gabinete.<\/span><\/p>\n<\/div><\/div><\/div><div class=\"w-separator size_small\"><\/div><div class=\"w-iconbox iconpos_left style_default color_contrast align_left\"><a href=\"https:\/\/www.alvaroumana.com\/es\/creation-of-ministry-of-environment-and-energy\/\" class=\"w-iconbox-link\" aria-label=\"Reorganizaci\u00f3n de Conservaci\u00f3n y Biodiversidad\"><div class=\"w-iconbox-icon\" style=\"font-size:2rem;\"><i class=\"material-icons\">chevron_right<\/i><\/div><\/a><div class=\"w-iconbox-meta\"><a href=\"https:\/\/www.alvaroumana.com\/es\/creation-of-ministry-of-environment-and-energy\/\" class=\"w-iconbox-link\" aria-label=\"Reorganizaci\u00f3n de Conservaci\u00f3n y Biodiversidad\"><h4 class=\"w-iconbox-title\" style=\"font-size:20px;\">Reorganizaci\u00f3n de Conservaci\u00f3n y Biodiversidad<\/h4><\/a><div class=\"w-iconbox-text\"><p><span style=\"font-weight: 400;\">Explora c\u00f3mo Costa Rica reemplaz\u00f3 la visi\u00f3n occidental tradicional de conservaci\u00f3n por un modelo nuevo y pr\u00f3spero.<\/span><\/p>\n<\/div><\/div><\/div><div class=\"w-separator size_small\"><\/div><div class=\"w-iconbox iconpos_left style_default color_contrast align_left\"><a href=\"https:\/\/www.alvaroumana.com\/es\/ecological-economics\/\" class=\"w-iconbox-link\" aria-label=\"Econom\u00eda Ecol\u00f3gica\"><div class=\"w-iconbox-icon\" style=\"font-size:2rem;\"><i class=\"material-icons\">chevron_right<\/i><\/div><\/a><div class=\"w-iconbox-meta\"><a href=\"https:\/\/www.alvaroumana.com\/es\/ecological-economics\/\" class=\"w-iconbox-link\" aria-label=\"Econom\u00eda Ecol\u00f3gica\"><h4 class=\"w-iconbox-title\" style=\"font-size:20px;\">Econom\u00eda Ecol\u00f3gica<\/h4><\/a><div class=\"w-iconbox-text\"><p><span style=\"font-weight: 400;\">Descubre c\u00f3mo Costa Rica otorg\u00f3 valor econ\u00f3mico a sus bosques mediante la implementaci\u00f3n de incentivos forestales.<\/span><\/p>\n<\/div><\/div><\/div><\/div><\/div><div class=\"wpb_column vc_column_container\"><div class=\"vc_column-inner\"><div class=\"w-iconbox iconpos_left style_default color_contrast align_left\"><a href=\"https:\/\/www.alvaroumana.com\/es\/reversing-deforestation-in-costa-rica\/\" class=\"w-iconbox-link\" aria-label=\"Reversi\u00f3n de la Deforestaci\u00f3n y Desarrollo Forestal\"><div class=\"w-iconbox-icon\" style=\"font-size:2rem;\"><i class=\"material-icons\">chevron_right<\/i><\/div><\/a><div class=\"w-iconbox-meta\"><a href=\"https:\/\/www.alvaroumana.com\/es\/reversing-deforestation-in-costa-rica\/\" class=\"w-iconbox-link\" aria-label=\"Reversi\u00f3n de la Deforestaci\u00f3n y Desarrollo Forestal\"><h4 class=\"w-iconbox-title\" style=\"font-size:20px;\">Reversi\u00f3n de la Deforestaci\u00f3n y Desarrollo Forestal<\/h4><\/a><div class=\"w-iconbox-text\"><p><span style=\"font-weight: 400;\">C\u00f3mo Costa Rica pas\u00f3 del 26% de cobertura forestal en la d\u00e9cada de 1980 a casi el 60% en 2024, mientras impulsaba una prosperidad econ\u00f3mica sostenible. <\/span><\/p>\n<\/div><\/div><\/div><div class=\"w-separator size_small\"><\/div><div class=\"w-iconbox iconpos_left style_default color_contrast align_left\"><a href=\"https:\/\/www.alvaroumana.com\/es\/debt-for-nature-swaps\/\" class=\"w-iconbox-link\" aria-label=\"Canje de Deuda para la Conservaci\u00f3n\"><div class=\"w-iconbox-icon\" style=\"font-size:2rem;\"><i class=\"material-icons\">chevron_right<\/i><\/div><\/a><div class=\"w-iconbox-meta\"><a href=\"https:\/\/www.alvaroumana.com\/es\/debt-for-nature-swaps\/\" class=\"w-iconbox-link\" aria-label=\"Canje de Deuda para la Conservaci\u00f3n\"><h4 class=\"w-iconbox-title\" style=\"font-size:20px;\">Canje de Deuda para la Conservaci\u00f3n<\/h4><\/a><div class=\"w-iconbox-text\"><p><span style=\"font-weight: 400;\">Conozca una de las soluciones financieras m\u00e1s creativas implementadas en la lucha contra el cambio clim\u00e1tico.<\/span><\/p>\n<\/div><\/div><\/div><div class=\"w-separator size_small\"><\/div><div class=\"w-iconbox iconpos_left style_default color_contrast align_left\"><a href=\"https:\/\/www.alvaroumana.com\/es\/climate-change\/\" class=\"w-iconbox-link\" aria-label=\"Cambio Clim\u00e1tico\"><div class=\"w-iconbox-icon\" style=\"font-size:2rem;\"><i class=\"material-icons\">chevron_right<\/i><\/div><\/a><div class=\"w-iconbox-meta\"><a href=\"https:\/\/www.alvaroumana.com\/es\/climate-change\/\" class=\"w-iconbox-link\" aria-label=\"Cambio Clim\u00e1tico\"><h4 class=\"w-iconbox-title\" style=\"font-size:20px;\">Cambio Clim\u00e1tico<\/h4><\/a><div class=\"w-iconbox-text\"><p>Reflexione sobre los desaf\u00edos y frustraciones de las negociaciones clim\u00e1ticas globales y la necesidad de acci\u00f3n.<\/p>\n<\/div><\/div><\/div><\/div><\/div><\/div><\/div><\/div><\/div><\/div><\/section>","protected":false},"excerpt":{"rendered":"Debt-for-Nature SwapsFinancing Conservation in Costa Rica Debt-for-nature swaps are a financial strategy that aims to reduce a nation\u2019s debt while simultaneously protecting its environment.\u00a0 It works like this: A donor (typically a NGO or conservation group) buys a portion of a developing country\u2019s outstanding foreign loan at a discounted rate from one of its creditors,...","protected":false},"author":2,"featured_media":0,"parent":0,"menu_order":0,"comment_status":"closed","ping_status":"closed","template":"","meta":{"_acf_changed":false,"footnotes":""},"class_list":["post-24231","page","type-page","status-publish","hentry"],"acf":[],"yoast_head":"<!-- This site is optimized with the Yoast SEO plugin v27.5 - https:\/\/yoast.com\/product\/yoast-seo-wordpress\/ -->\n<title>Debt-for-Nature Swaps in Costa Rica - Story by Alvaro Uma\u00f1a<\/title>\n<meta name=\"description\" content=\"Pioneering debt-for-nature swaps: how Costa Rica successfully reduced debt, financed conservation, &amp; inspired global environmental solutions.\" \/>\n<meta name=\"robots\" content=\"index, follow, max-snippet:-1, max-image-preview:large, max-video-preview:-1\" \/>\n<link rel=\"canonical\" href=\"https:\/\/www.alvaroumana.com\/es\/debt-for-nature-swaps\/\" \/>\n<meta property=\"og:locale\" content=\"es_ES\" \/>\n<meta property=\"og:type\" content=\"article\" \/>\n<meta property=\"og:title\" content=\"Debt-for-Nature Swaps in Costa Rica - Story by Alvaro Uma\u00f1a\" \/>\n<meta property=\"og:description\" content=\"Pioneering debt-for-nature swaps: how Costa Rica successfully reduced debt, financed conservation, &amp; inspired global environmental solutions.\" \/>\n<meta property=\"og:url\" content=\"https:\/\/www.alvaroumana.com\/es\/debt-for-nature-swaps\/\" \/>\n<meta property=\"og:site_name\" content=\"Alvaro Uma\u00f1a\" \/>\n<meta property=\"article:modified_time\" content=\"2025-01-13T17:55:43+00:00\" \/>\n<meta name=\"twitter:card\" content=\"summary_large_image\" \/>\n<meta name=\"twitter:label1\" content=\"Tiempo de lectura\" \/>\n\t<meta name=\"twitter:data1\" content=\"4 minutos\" \/>\n<script type=\"application\/ld+json\" class=\"yoast-schema-graph\">{\"@context\":\"https:\\\/\\\/schema.org\",\"@graph\":[{\"@type\":\"WebPage\",\"@id\":\"https:\\\/\\\/www.alvaroumana.com\\\/debt-for-nature-swaps\\\/\",\"url\":\"https:\\\/\\\/www.alvaroumana.com\\\/debt-for-nature-swaps\\\/\",\"name\":\"Debt-for-Nature Swaps in Costa Rica - Story by Alvaro Uma\u00f1a\",\"isPartOf\":{\"@id\":\"https:\\\/\\\/www.alvaroumana.com\\\/#website\"},\"datePublished\":\"2024-07-27T02:03:16+00:00\",\"dateModified\":\"2025-01-13T17:55:43+00:00\",\"description\":\"Pioneering debt-for-nature swaps: how Costa Rica successfully reduced debt, financed conservation, & inspired global environmental solutions.\",\"breadcrumb\":{\"@id\":\"https:\\\/\\\/www.alvaroumana.com\\\/debt-for-nature-swaps\\\/#breadcrumb\"},\"inLanguage\":\"es\",\"potentialAction\":[{\"@type\":\"ReadAction\",\"target\":[\"https:\\\/\\\/www.alvaroumana.com\\\/debt-for-nature-swaps\\\/\"]}]},{\"@type\":\"BreadcrumbList\",\"@id\":\"https:\\\/\\\/www.alvaroumana.com\\\/debt-for-nature-swaps\\\/#breadcrumb\",\"itemListElement\":[{\"@type\":\"ListItem\",\"position\":1,\"name\":\"Home\",\"item\":\"https:\\\/\\\/www.alvaroumana.com\\\/\"},{\"@type\":\"ListItem\",\"position\":2,\"name\":\"Debt-for-Nature Swaps\"}]},{\"@type\":\"WebSite\",\"@id\":\"https:\\\/\\\/www.alvaroumana.com\\\/#website\",\"url\":\"https:\\\/\\\/www.alvaroumana.com\\\/\",\"name\":\"Alvaro Uma\u00f1a\",\"description\":\"Costa Rica&#039;s first Minister of Environment\",\"potentialAction\":[{\"@type\":\"SearchAction\",\"target\":{\"@type\":\"EntryPoint\",\"urlTemplate\":\"https:\\\/\\\/www.alvaroumana.com\\\/?s={search_term_string}\"},\"query-input\":{\"@type\":\"PropertyValueSpecification\",\"valueRequired\":true,\"valueName\":\"search_term_string\"}}],\"inLanguage\":\"es\"}]}<\/script>\n<!-- \/ Yoast SEO plugin. -->","yoast_head_json":{"title":"Debt-for-Nature Swaps in Costa Rica - Story by Alvaro Uma\u00f1a","description":"Pioneering debt-for-nature swaps: how Costa Rica successfully reduced debt, financed conservation, & inspired global environmental solutions.","robots":{"index":"index","follow":"follow","max-snippet":"max-snippet:-1","max-image-preview":"max-image-preview:large","max-video-preview":"max-video-preview:-1"},"canonical":"https:\/\/www.alvaroumana.com\/es\/debt-for-nature-swaps\/","og_locale":"es_ES","og_type":"article","og_title":"Debt-for-Nature Swaps in Costa Rica - Story by Alvaro Uma\u00f1a","og_description":"Pioneering debt-for-nature swaps: how Costa Rica successfully reduced debt, financed conservation, & inspired global environmental solutions.","og_url":"https:\/\/www.alvaroumana.com\/es\/debt-for-nature-swaps\/","og_site_name":"Alvaro Uma\u00f1a","article_modified_time":"2025-01-13T17:55:43+00:00","twitter_card":"summary_large_image","twitter_misc":{"Tiempo de lectura":"4 minutos"},"schema":{"@context":"https:\/\/schema.org","@graph":[{"@type":"WebPage","@id":"https:\/\/www.alvaroumana.com\/debt-for-nature-swaps\/","url":"https:\/\/www.alvaroumana.com\/debt-for-nature-swaps\/","name":"Debt-for-Nature Swaps in Costa Rica - Story by Alvaro Uma\u00f1a","isPartOf":{"@id":"https:\/\/www.alvaroumana.com\/#website"},"datePublished":"2024-07-27T02:03:16+00:00","dateModified":"2025-01-13T17:55:43+00:00","description":"Pioneering debt-for-nature swaps: how Costa Rica successfully reduced debt, financed conservation, & inspired global environmental solutions.","breadcrumb":{"@id":"https:\/\/www.alvaroumana.com\/debt-for-nature-swaps\/#breadcrumb"},"inLanguage":"es","potentialAction":[{"@type":"ReadAction","target":["https:\/\/www.alvaroumana.com\/debt-for-nature-swaps\/"]}]},{"@type":"BreadcrumbList","@id":"https:\/\/www.alvaroumana.com\/debt-for-nature-swaps\/#breadcrumb","itemListElement":[{"@type":"ListItem","position":1,"name":"Home","item":"https:\/\/www.alvaroumana.com\/"},{"@type":"ListItem","position":2,"name":"Debt-for-Nature Swaps"}]},{"@type":"WebSite","@id":"https:\/\/www.alvaroumana.com\/#website","url":"https:\/\/www.alvaroumana.com\/","name":"Alvaro Uma\u00f1a","description":"Costa Rica&#039;s first Minister of Environment","potentialAction":[{"@type":"SearchAction","target":{"@type":"EntryPoint","urlTemplate":"https:\/\/www.alvaroumana.com\/?s={search_term_string}"},"query-input":{"@type":"PropertyValueSpecification","valueRequired":true,"valueName":"search_term_string"}}],"inLanguage":"es"}]}},"_links":{"self":[{"href":"https:\/\/www.alvaroumana.com\/es\/wp-json\/wp\/v2\/pages\/24231","targetHints":{"allow":["GET"]}}],"collection":[{"href":"https:\/\/www.alvaroumana.com\/es\/wp-json\/wp\/v2\/pages"}],"about":[{"href":"https:\/\/www.alvaroumana.com\/es\/wp-json\/wp\/v2\/types\/page"}],"author":[{"embeddable":true,"href":"https:\/\/www.alvaroumana.com\/es\/wp-json\/wp\/v2\/users\/2"}],"replies":[{"embeddable":true,"href":"https:\/\/www.alvaroumana.com\/es\/wp-json\/wp\/v2\/comments?post=24231"}],"version-history":[{"count":21,"href":"https:\/\/www.alvaroumana.com\/es\/wp-json\/wp\/v2\/pages\/24231\/revisions"}],"predecessor-version":[{"id":24415,"href":"https:\/\/www.alvaroumana.com\/es\/wp-json\/wp\/v2\/pages\/24231\/revisions\/24415"}],"wp:attachment":[{"href":"https:\/\/www.alvaroumana.com\/es\/wp-json\/wp\/v2\/media?parent=24231"}],"curies":[{"name":"wp","href":"https:\/\/api.w.org\/{rel}","templated":true}]}}