{"id":24273,"date":"2024-08-03T19:04:37","date_gmt":"2024-08-03T19:04:37","guid":{"rendered":"https:\/\/www.spekglad.com\/ALVAROUMANA\/?page_id=24273"},"modified":"2025-01-13T18:24:14","modified_gmt":"2025-01-13T18:24:14","slug":"reorganizing-conservation-and-biodiversity","status":"publish","type":"page","link":"https:\/\/www.alvaroumana.com\/es\/reorganizing-conservation-and-biodiversity\/","title":{"rendered":"Reorganizaci\u00f3n de Conservaci\u00f3n y Biodiversidad"},"content":{"rendered":"<section class=\"l-section wpb_row align_center height_huge color_primary with_img\"><div class=\"l-section-img lazyload\" role=\"img\" data-img-width=\"2560\" data-img-height=\"1704\" style=\"background-image:inherit;background-position: top right;\" data-bg-image=\"url(https:\/\/www.alvaroumana.com\/wp-content\/uploads\/2024\/08\/KIN_6747-scaled.jpg)\"><\/div><div class=\"l-section-overlay\" style=\"background:rgba(0,0,0,0.4)\"><\/div><div class=\"l-section-h i-cf\"><div class=\"g-cols vc_row via_grid cols_1 laptops-cols_inherit tablets-cols_inherit mobiles-cols_1 valign_top type_default stacking_default\"><div class=\"wpb_column vc_column_container\"><div class=\"vc_column-inner\"><div class=\"w-separator size_small\"><\/div><h1 class=\"w-text us_custom_ea3da4e3\"><span class=\"w-text-h\"><span class=\"w-text-value\">Reorganizaci\u00f3n de Conservaci\u00f3n y Biodiversidad<\/span><\/span><\/h1><div class=\"w-separator size_huge\"><\/div><\/div><\/div><\/div><\/div><\/section><section class=\"l-section wpb_row height_large\" id=\"simple\"><div class=\"l-section-h i-cf\"><div class=\"g-cols vc_row via_grid cols_1 laptops-cols_inherit tablets-cols_inherit mobiles-cols_1 valign_middle type_default stacking_default\"><div class=\"wpb_column vc_column_container us_custom_7e20fa79 us_animate_this\"><div class=\"vc_column-inner\"><div class=\"wpb_text_column\"><div class=\"wpb_wrapper\"><h2><span style=\"font-weight: 400;\">Un Nuevo Modelo de \u00c1reas de Conservaci\u00f3n Regionales<\/span><\/h2>\n<p><span style=\"font-weight: 400;\">One of my key reforms as <\/span><a href=\"https:\/\/www.alvaroumana.com\/es\/creation-of-ministry-of-environment-and-energy\/\"><span style=\"font-weight: 400;\">Minister of Environment<\/span><\/a><span style=\"font-weight: 400;\"> was reorganizing Costa Rica&#8217;s national park system and the forestry directorate into regional conservation areas.\u00a0<\/span><\/p>\n<p><span style=\"font-weight: 400;\">Inspired by <a href=\"https:\/\/www.unesco.org\/en\/mab\/wnbr\/about\" target=\"_blank\" rel=\"noopener\">UNESCO&#8217;s biosphere reserves<\/a>, this model has a core area of absolute protection, like national parks and biological reserves, owned by the state. Surrounding these core areas are buffer zones, mostly forest reserves that are privately owned. We combined the staff from the national park system and forestry directorate into this new system of 7 regional conservation areas, which still exists today and has been expanded to 11 areas.<\/span><\/p>\n<\/div><\/div><\/div><\/div><\/div><\/div><\/section><section class=\"l-section wpb_row align_center height_small color_primary\"><div class=\"l-section-overlay\" style=\"background:rgba(0,0,0,0.4)\"><\/div><div class=\"l-section-h i-cf\"><div class=\"g-cols vc_row via_grid cols_1 laptops-cols_inherit tablets-cols_inherit mobiles-cols_1 valign_top type_default stacking_default\"><div class=\"wpb_column vc_column_container stretched\"><div class=\"vc_column-inner\"><div class=\"w-image align_none\"><div class=\"w-image-h\"><img decoding=\"async\" width=\"960\" height=\"960\" data-src=\"https:\/\/www.alvaroumana.com\/wp-content\/uploads\/2024\/08\/Areas-de-conservacion-Costa-Rica-1.jpg\" class=\"attachment-full size-full lazyload\" alt=\"\" data-srcset=\"https:\/\/www.alvaroumana.com\/wp-content\/uploads\/2024\/08\/Areas-de-conservacion-Costa-Rica-1.jpg 960w, https:\/\/www.alvaroumana.com\/wp-content\/uploads\/2024\/08\/Areas-de-conservacion-Costa-Rica-1-300x300.jpg 300w, https:\/\/www.alvaroumana.com\/wp-content\/uploads\/2024\/08\/Areas-de-conservacion-Costa-Rica-1-150x150.jpg 150w, https:\/\/www.alvaroumana.com\/wp-content\/uploads\/2024\/08\/Areas-de-conservacion-Costa-Rica-1-600x600.jpg 600w\" data-sizes=\"auto, (max-width: 960px) 100vw, 960px\" src=\"data:image\/svg+xml;base64,PHN2ZyB3aWR0aD0iMSIgaGVpZ2h0PSIxIiB4bWxucz0iaHR0cDovL3d3dy53My5vcmcvMjAwMC9zdmciPjwvc3ZnPg==\" style=\"--smush-placeholder-width: 960px; --smush-placeholder-aspect-ratio: 960\/960;\" \/><\/div><\/div><\/div><\/div><\/div><\/div><\/section><section class=\"l-section wpb_row height_large\" id=\"simple\"><div class=\"l-section-h i-cf\"><div class=\"g-cols vc_row via_grid cols_2-1 laptops-cols_inherit tablets-cols_inherit mobiles-cols_1 valign_middle type_default stacking_default\"><div class=\"wpb_column vc_column_container us_custom_7e20fa79 us_animate_this\"><div class=\"vc_column-inner\"><div class=\"wpb_text_column\"><div class=\"wpb_wrapper\"><h3>Promoting Biodiversity and Eco-Tourism<\/h3>\n<p><span style=\"font-weight: 400;\">The system was all about managing the conservation and sustainable management of wildlife, forest resources, protected areas, watersheds and water systems, together with actors in society, for the wellness of current and future generations. It focused on sustainability and included human populations as part of the solution. <\/span><\/p>\n<p><span style=\"font-weight: 400;\">We embraced the concept of biodiversity and carried out detailed inventories of animal and plant species. <\/span><span style=\"font-weight: 400;\">We also promoted eco-tourism, making Costa Rica a leader in tropical conservation.\u00a0<\/span><\/p>\n<p><span style=\"font-weight: 400;\">Today, Costa Rica is a top ecotourism destination, with many private conservation projects thriving. Examples include the <a href=\"https:\/\/acmcr.org\/en\/\" target=\"_blank\" rel=\"noopener\">Children\u2019s Rainforest<\/a> in the Monteverde area and efforts in the Maquenque area. Now, there are hundreds of private reserves that support and promote eco-tourism.<\/span><\/p>\n<\/div><\/div><\/div><\/div><div class=\"wpb_column vc_column_container\"><div class=\"vc_column-inner\"><div class=\"w-image us_custom_afe5b2a8 align_none\"><div class=\"w-image-h\"><img decoding=\"async\" width=\"682\" height=\"1024\" data-src=\"https:\/\/www.alvaroumana.com\/wp-content\/uploads\/2024\/08\/Forest-path-in-Costa-Rica-Alvaro-Umana-682x1024.jpg\" class=\"attachment-large size-large lazyload\" alt=\"\" data-srcset=\"https:\/\/www.alvaroumana.com\/wp-content\/uploads\/2024\/08\/Forest-path-in-Costa-Rica-Alvaro-Umana-682x1024.jpg 682w, https:\/\/www.alvaroumana.com\/wp-content\/uploads\/2024\/08\/Forest-path-in-Costa-Rica-Alvaro-Umana-200x300.jpg 200w, https:\/\/www.alvaroumana.com\/wp-content\/uploads\/2024\/08\/Forest-path-in-Costa-Rica-Alvaro-Umana-scaled.jpg 1704w\" data-sizes=\"auto, (max-width: 682px) 100vw, 682px\" src=\"data:image\/svg+xml;base64,PHN2ZyB3aWR0aD0iMSIgaGVpZ2h0PSIxIiB4bWxucz0iaHR0cDovL3d3dy53My5vcmcvMjAwMC9zdmciPjwvc3ZnPg==\" style=\"--smush-placeholder-width: 682px; --smush-placeholder-aspect-ratio: 682\/1024;\" \/><\/div><\/div><\/div><\/div><\/div><\/div><\/section><section class=\"l-section wpb_row height_large color_primary\"><div class=\"l-section-h i-cf\"><div class=\"g-cols vc_row via_grid cols_2 laptops-cols_inherit tablets-cols_inherit mobiles-cols_1 valign_top type_default stacking_default\"><div class=\"wpb_column vc_column_container us_custom_60e9caca us_animate_this\"><div class=\"vc_column-inner\"><div class=\"w-actionbox color_primary controls_right\"><div class=\"w-actionbox-text\"><h3 class=\"w-actionbox-title\">\u00bfQuieres leer m\u00e1s sobre esto?<\/h3><div class=\"w-actionbox-description\"><p>Haz clic en los botones para ver publicaciones relevantes sobre este tema.<\/p>\n<\/div><\/div><\/div><\/div><\/div><div class=\"wpb_column vc_column_container\"><div class=\"vc_column-inner\"><div class=\"w-btn-wrapper align_none\"><a class=\"w-btn us-btn-style_2\" target=\"_blank\" href=\"https:\/\/www.alvaroumana.com\/wp-content\/uploads\/2024\/08\/Costa-Ricas-fight-for-the-tropics-.pdf\"><span class=\"w-btn-label\">Costa Rica\u2019s Fight for the Tropics<\/span><\/a><\/div><div class=\"w-btn-wrapper align_none\"><a class=\"w-btn us-btn-style_2\" target=\"_blank\" href=\"https:\/\/www.science.org\/doi\/10.1126\/science.239.4846.1366\"><span class=\"w-btn-label\">SCIENCE: CR&#8217;s Campaign for Conservation<\/span><\/a><\/div><\/div><\/div><\/div><\/div><\/section><section class=\"l-section wpb_row align_center height_huge color_primary with_img\"><div class=\"l-section-img lazyload\" role=\"img\" data-img-width=\"1920\" data-img-height=\"1080\" style=\"background-image:inherit;\" data-bg-image=\"url(https:\/\/www.alvaroumana.com\/wp-content\/uploads\/2024\/04\/Alvaro-Home-Slider.jpg)\"><\/div><div class=\"l-section-overlay\" style=\"background:rgba(0,0,0,0.4)\"><\/div><div class=\"l-section-h i-cf\"><div class=\"g-cols vc_row via_grid cols_1 laptops-cols_inherit tablets-cols_inherit mobiles-cols_1 valign_top type_default stacking_default\"><div class=\"wpb_column vc_column_container\"><div class=\"vc_column-inner\"><h3 class=\"w-text us_custom_ea3da4e3\"><span class=\"w-text-h\"><span class=\"w-text-value\">Lee mis otras historias<\/span><\/span><\/h3><div class=\"g-cols wpb_row via_grid cols_2 laptops-cols_inherit tablets-cols_inherit mobiles-cols_1 valign_top type_default stacking_default\" style=\"--gap:3rem;\"><div class=\"wpb_column vc_column_container\"><div class=\"vc_column-inner\"><div class=\"w-iconbox iconpos_left style_default color_contrast align_left\"><a href=\"https:\/\/www.alvaroumana.com\/es\/creation-of-ministry-of-environment-and-energy\/\" class=\"w-iconbox-link\" aria-label=\"Creaci\u00f3n del Ministerio de Ambiente y Energ\u00eda\"><div class=\"w-iconbox-icon\" style=\"font-size:2rem;\"><i class=\"material-icons\">chevron_right<\/i><\/div><\/a><div class=\"w-iconbox-meta\"><a href=\"https:\/\/www.alvaroumana.com\/es\/creation-of-ministry-of-environment-and-energy\/\" class=\"w-iconbox-link\" aria-label=\"Creaci\u00f3n del Ministerio de Ambiente y Energ\u00eda\"><h4 class=\"w-iconbox-title\" style=\"font-size:20px;\">Creaci\u00f3n del Ministerio de Ambiente y Energ\u00eda<\/h4><\/a><div class=\"w-iconbox-text\"><p><span style=\"font-weight: 400;\">Descubre c\u00f3mo Costa Rica fue pionera al otorgarle a la naturaleza poder pol\u00edtico y un puesto a nivel de gabinete.<\/span><\/p>\n<\/div><\/div><\/div><div class=\"w-separator size_small\"><\/div><div class=\"w-iconbox iconpos_left style_default color_contrast align_left\"><a href=\"https:\/\/www.alvaroumana.com\/es\/creation-of-ministry-of-environment-and-energy\/\" class=\"w-iconbox-link\" aria-label=\"Reorganizaci\u00f3n de Conservaci\u00f3n y Biodiversidad\"><div class=\"w-iconbox-icon\" style=\"font-size:2rem;\"><i class=\"material-icons\">chevron_right<\/i><\/div><\/a><div class=\"w-iconbox-meta\"><a href=\"https:\/\/www.alvaroumana.com\/es\/creation-of-ministry-of-environment-and-energy\/\" class=\"w-iconbox-link\" aria-label=\"Reorganizaci\u00f3n de Conservaci\u00f3n y Biodiversidad\"><h4 class=\"w-iconbox-title\" style=\"font-size:20px;\">Reorganizaci\u00f3n de Conservaci\u00f3n y Biodiversidad<\/h4><\/a><div class=\"w-iconbox-text\"><p><span style=\"font-weight: 400;\">Explora c\u00f3mo Costa Rica reemplaz\u00f3 la visi\u00f3n occidental tradicional de conservaci\u00f3n por un modelo nuevo y pr\u00f3spero.<\/span><\/p>\n<\/div><\/div><\/div><div class=\"w-separator size_small\"><\/div><div class=\"w-iconbox iconpos_left style_default color_contrast align_left\"><a href=\"https:\/\/www.alvaroumana.com\/es\/ecological-economics\/\" class=\"w-iconbox-link\" aria-label=\"Econom\u00eda Ecol\u00f3gica\"><div class=\"w-iconbox-icon\" style=\"font-size:2rem;\"><i class=\"material-icons\">chevron_right<\/i><\/div><\/a><div class=\"w-iconbox-meta\"><a href=\"https:\/\/www.alvaroumana.com\/es\/ecological-economics\/\" class=\"w-iconbox-link\" aria-label=\"Econom\u00eda Ecol\u00f3gica\"><h4 class=\"w-iconbox-title\" style=\"font-size:20px;\">Econom\u00eda Ecol\u00f3gica<\/h4><\/a><div class=\"w-iconbox-text\"><p><span style=\"font-weight: 400;\">Descubre c\u00f3mo Costa Rica otorg\u00f3 valor econ\u00f3mico a sus bosques mediante la implementaci\u00f3n de incentivos forestales.<\/span><\/p>\n<\/div><\/div><\/div><\/div><\/div><div class=\"wpb_column vc_column_container\"><div class=\"vc_column-inner\"><div class=\"w-iconbox iconpos_left style_default color_contrast align_left\"><a href=\"https:\/\/www.alvaroumana.com\/es\/reversing-deforestation-in-costa-rica\/\" class=\"w-iconbox-link\" aria-label=\"Reversi\u00f3n de la Deforestaci\u00f3n y Desarrollo Forestal\"><div class=\"w-iconbox-icon\" style=\"font-size:2rem;\"><i class=\"material-icons\">chevron_right<\/i><\/div><\/a><div class=\"w-iconbox-meta\"><a href=\"https:\/\/www.alvaroumana.com\/es\/reversing-deforestation-in-costa-rica\/\" class=\"w-iconbox-link\" aria-label=\"Reversi\u00f3n de la Deforestaci\u00f3n y Desarrollo Forestal\"><h4 class=\"w-iconbox-title\" style=\"font-size:20px;\">Reversi\u00f3n de la Deforestaci\u00f3n y Desarrollo Forestal<\/h4><\/a><div class=\"w-iconbox-text\"><p><span style=\"font-weight: 400;\">C\u00f3mo Costa Rica pas\u00f3 del 26% de cobertura forestal en la d\u00e9cada de 1980 a casi el 60% en 2024, mientras impulsaba una prosperidad econ\u00f3mica sostenible. <\/span><\/p>\n<\/div><\/div><\/div><div class=\"w-separator size_small\"><\/div><div class=\"w-iconbox iconpos_left style_default color_contrast align_left\"><a href=\"https:\/\/www.alvaroumana.com\/es\/debt-for-nature-swaps\/\" class=\"w-iconbox-link\" aria-label=\"Canje de Deuda para la Conservaci\u00f3n\"><div class=\"w-iconbox-icon\" style=\"font-size:2rem;\"><i class=\"material-icons\">chevron_right<\/i><\/div><\/a><div class=\"w-iconbox-meta\"><a href=\"https:\/\/www.alvaroumana.com\/es\/debt-for-nature-swaps\/\" class=\"w-iconbox-link\" aria-label=\"Canje de Deuda para la Conservaci\u00f3n\"><h4 class=\"w-iconbox-title\" style=\"font-size:20px;\">Canje de Deuda para la Conservaci\u00f3n<\/h4><\/a><div class=\"w-iconbox-text\"><p><span style=\"font-weight: 400;\">Conozca una de las soluciones financieras m\u00e1s creativas implementadas en la lucha contra el cambio clim\u00e1tico.<\/span><\/p>\n<\/div><\/div><\/div><div class=\"w-separator size_small\"><\/div><div class=\"w-iconbox iconpos_left style_default color_contrast align_left\"><a href=\"https:\/\/www.alvaroumana.com\/es\/climate-change\/\" class=\"w-iconbox-link\" aria-label=\"Cambio Clim\u00e1tico\"><div class=\"w-iconbox-icon\" style=\"font-size:2rem;\"><i class=\"material-icons\">chevron_right<\/i><\/div><\/a><div class=\"w-iconbox-meta\"><a href=\"https:\/\/www.alvaroumana.com\/es\/climate-change\/\" class=\"w-iconbox-link\" aria-label=\"Cambio Clim\u00e1tico\"><h4 class=\"w-iconbox-title\" style=\"font-size:20px;\">Cambio Clim\u00e1tico<\/h4><\/a><div class=\"w-iconbox-text\"><p>Reflexione sobre los desaf\u00edos y frustraciones de las negociaciones clim\u00e1ticas globales y la necesidad de acci\u00f3n.<\/p>\n<\/div><\/div><\/div><\/div><\/div><\/div><\/div><\/div><\/div><\/div><\/section>","protected":false},"excerpt":{"rendered":"Reorganizing Conservation and BiodiversityA New Model of Regional Conservation Areas One of my key reforms as Minister of Environment was reorganizing Costa Rica&#8217;s national park system and the forestry directorate into regional conservation areas.\u00a0 Inspired by UNESCO&#8217;s biosphere reserves, this model has a core area of absolute protection, like national parks and biological reserves, owned...","protected":false},"author":2,"featured_media":0,"parent":0,"menu_order":0,"comment_status":"closed","ping_status":"closed","template":"","meta":{"_acf_changed":false,"footnotes":""},"class_list":["post-24273","page","type-page","status-publish","hentry"],"acf":[],"yoast_head":"<!-- This site is optimized with the Yoast SEO plugin v27.5 - https:\/\/yoast.com\/product\/yoast-seo-wordpress\/ -->\n<title>Reorganizing Conservation and Biodiversity in Costa Rica - Alvaro Uma\u00f1a<\/title>\n<meta name=\"description\" content=\"Discover how \u00c1lvaro Uma\u00f1a helped reform Costa Rica\u2019s national park system by creating Regional Conservation Areas and promoting biodiversity.\" \/>\n<meta name=\"robots\" content=\"index, follow, max-snippet:-1, max-image-preview:large, max-video-preview:-1\" \/>\n<link rel=\"canonical\" href=\"https:\/\/www.alvaroumana.com\/es\/reorganizing-conservation-and-biodiversity\/\" \/>\n<meta property=\"og:locale\" content=\"es_ES\" \/>\n<meta property=\"og:type\" content=\"article\" \/>\n<meta property=\"og:title\" content=\"Reorganizing Conservation and Biodiversity in Costa Rica - Alvaro Uma\u00f1a\" \/>\n<meta property=\"og:description\" content=\"Discover how \u00c1lvaro Uma\u00f1a helped reform Costa Rica\u2019s national park system by creating Regional Conservation Areas and promoting biodiversity.\" \/>\n<meta property=\"og:url\" content=\"https:\/\/www.alvaroumana.com\/es\/reorganizing-conservation-and-biodiversity\/\" \/>\n<meta property=\"og:site_name\" content=\"Alvaro Uma\u00f1a\" \/>\n<meta property=\"article:modified_time\" content=\"2025-01-13T18:24:14+00:00\" \/>\n<meta name=\"twitter:card\" content=\"summary_large_image\" \/>\n<meta name=\"twitter:label1\" content=\"Tiempo de lectura\" \/>\n\t<meta name=\"twitter:data1\" content=\"3 minutos\" \/>\n<script type=\"application\/ld+json\" class=\"yoast-schema-graph\">{\"@context\":\"https:\\\/\\\/schema.org\",\"@graph\":[{\"@type\":\"WebPage\",\"@id\":\"https:\\\/\\\/www.alvaroumana.com\\\/reorganizing-conservation-and-biodiversity\\\/\",\"url\":\"https:\\\/\\\/www.alvaroumana.com\\\/reorganizing-conservation-and-biodiversity\\\/\",\"name\":\"Reorganizing Conservation and Biodiversity in Costa Rica - Alvaro Uma\u00f1a\",\"isPartOf\":{\"@id\":\"https:\\\/\\\/www.alvaroumana.com\\\/#website\"},\"datePublished\":\"2024-08-03T19:04:37+00:00\",\"dateModified\":\"2025-01-13T18:24:14+00:00\",\"description\":\"Discover how \u00c1lvaro Uma\u00f1a helped reform Costa Rica\u2019s national park system by creating Regional Conservation Areas and promoting biodiversity.\",\"breadcrumb\":{\"@id\":\"https:\\\/\\\/www.alvaroumana.com\\\/reorganizing-conservation-and-biodiversity\\\/#breadcrumb\"},\"inLanguage\":\"es\",\"potentialAction\":[{\"@type\":\"ReadAction\",\"target\":[\"https:\\\/\\\/www.alvaroumana.com\\\/reorganizing-conservation-and-biodiversity\\\/\"]}]},{\"@type\":\"BreadcrumbList\",\"@id\":\"https:\\\/\\\/www.alvaroumana.com\\\/reorganizing-conservation-and-biodiversity\\\/#breadcrumb\",\"itemListElement\":[{\"@type\":\"ListItem\",\"position\":1,\"name\":\"Home\",\"item\":\"https:\\\/\\\/www.alvaroumana.com\\\/\"},{\"@type\":\"ListItem\",\"position\":2,\"name\":\"Reorganizing Conservation and Biodiversity\"}]},{\"@type\":\"WebSite\",\"@id\":\"https:\\\/\\\/www.alvaroumana.com\\\/#website\",\"url\":\"https:\\\/\\\/www.alvaroumana.com\\\/\",\"name\":\"Alvaro Uma\u00f1a\",\"description\":\"Costa Rica&#039;s first Minister of Environment\",\"potentialAction\":[{\"@type\":\"SearchAction\",\"target\":{\"@type\":\"EntryPoint\",\"urlTemplate\":\"https:\\\/\\\/www.alvaroumana.com\\\/?s={search_term_string}\"},\"query-input\":{\"@type\":\"PropertyValueSpecification\",\"valueRequired\":true,\"valueName\":\"search_term_string\"}}],\"inLanguage\":\"es\"}]}<\/script>\n<!-- \/ Yoast SEO plugin. -->","yoast_head_json":{"title":"Reorganizing Conservation and Biodiversity in Costa Rica - Alvaro Uma\u00f1a","description":"Discover how \u00c1lvaro Uma\u00f1a helped reform Costa Rica\u2019s national park system by creating Regional Conservation Areas and promoting biodiversity.","robots":{"index":"index","follow":"follow","max-snippet":"max-snippet:-1","max-image-preview":"max-image-preview:large","max-video-preview":"max-video-preview:-1"},"canonical":"https:\/\/www.alvaroumana.com\/es\/reorganizing-conservation-and-biodiversity\/","og_locale":"es_ES","og_type":"article","og_title":"Reorganizing Conservation and Biodiversity in Costa Rica - Alvaro Uma\u00f1a","og_description":"Discover how \u00c1lvaro Uma\u00f1a helped reform Costa Rica\u2019s national park system by creating Regional Conservation Areas and promoting biodiversity.","og_url":"https:\/\/www.alvaroumana.com\/es\/reorganizing-conservation-and-biodiversity\/","og_site_name":"Alvaro Uma\u00f1a","article_modified_time":"2025-01-13T18:24:14+00:00","twitter_card":"summary_large_image","twitter_misc":{"Tiempo de lectura":"3 minutos"},"schema":{"@context":"https:\/\/schema.org","@graph":[{"@type":"WebPage","@id":"https:\/\/www.alvaroumana.com\/reorganizing-conservation-and-biodiversity\/","url":"https:\/\/www.alvaroumana.com\/reorganizing-conservation-and-biodiversity\/","name":"Reorganizing Conservation and Biodiversity in Costa Rica - Alvaro Uma\u00f1a","isPartOf":{"@id":"https:\/\/www.alvaroumana.com\/#website"},"datePublished":"2024-08-03T19:04:37+00:00","dateModified":"2025-01-13T18:24:14+00:00","description":"Discover how \u00c1lvaro Uma\u00f1a helped reform Costa Rica\u2019s national park system by creating Regional Conservation Areas and promoting biodiversity.","breadcrumb":{"@id":"https:\/\/www.alvaroumana.com\/reorganizing-conservation-and-biodiversity\/#breadcrumb"},"inLanguage":"es","potentialAction":[{"@type":"ReadAction","target":["https:\/\/www.alvaroumana.com\/reorganizing-conservation-and-biodiversity\/"]}]},{"@type":"BreadcrumbList","@id":"https:\/\/www.alvaroumana.com\/reorganizing-conservation-and-biodiversity\/#breadcrumb","itemListElement":[{"@type":"ListItem","position":1,"name":"Home","item":"https:\/\/www.alvaroumana.com\/"},{"@type":"ListItem","position":2,"name":"Reorganizing Conservation and Biodiversity"}]},{"@type":"WebSite","@id":"https:\/\/www.alvaroumana.com\/#website","url":"https:\/\/www.alvaroumana.com\/","name":"Alvaro Uma\u00f1a","description":"Costa Rica&#039;s first Minister of Environment","potentialAction":[{"@type":"SearchAction","target":{"@type":"EntryPoint","urlTemplate":"https:\/\/www.alvaroumana.com\/?s={search_term_string}"},"query-input":{"@type":"PropertyValueSpecification","valueRequired":true,"valueName":"search_term_string"}}],"inLanguage":"es"}]}},"_links":{"self":[{"href":"https:\/\/www.alvaroumana.com\/es\/wp-json\/wp\/v2\/pages\/24273","targetHints":{"allow":["GET"]}}],"collection":[{"href":"https:\/\/www.alvaroumana.com\/es\/wp-json\/wp\/v2\/pages"}],"about":[{"href":"https:\/\/www.alvaroumana.com\/es\/wp-json\/wp\/v2\/types\/page"}],"author":[{"embeddable":true,"href":"https:\/\/www.alvaroumana.com\/es\/wp-json\/wp\/v2\/users\/2"}],"replies":[{"embeddable":true,"href":"https:\/\/www.alvaroumana.com\/es\/wp-json\/wp\/v2\/comments?post=24273"}],"version-history":[{"count":17,"href":"https:\/\/www.alvaroumana.com\/es\/wp-json\/wp\/v2\/pages\/24273\/revisions"}],"predecessor-version":[{"id":24412,"href":"https:\/\/www.alvaroumana.com\/es\/wp-json\/wp\/v2\/pages\/24273\/revisions\/24412"}],"wp:attachment":[{"href":"https:\/\/www.alvaroumana.com\/es\/wp-json\/wp\/v2\/media?parent=24273"}],"curies":[{"name":"wp","href":"https:\/\/api.w.org\/{rel}","templated":true}]}}