{"id":24288,"date":"2024-08-06T16:03:37","date_gmt":"2024-08-06T16:03:37","guid":{"rendered":"https:\/\/www.spekglad.com\/ALVAROUMANA\/?page_id=24288"},"modified":"2025-01-13T17:47:10","modified_gmt":"2025-01-13T17:47:10","slug":"climate-change","status":"publish","type":"page","link":"https:\/\/www.alvaroumana.com\/es\/climate-change\/","title":{"rendered":"Cambio Clim\u00e1tico"},"content":{"rendered":"<section class=\"l-section wpb_row align_center height_huge color_primary with_img\"><div class=\"l-section-img lazyload\" role=\"img\" data-img-width=\"2560\" data-img-height=\"1704\" style=\"background-image:inherit;background-position: top right;\" data-bg-image=\"url(https:\/\/www.alvaroumana.com\/wp-content\/uploads\/2024\/08\/Alvaro-Umana-Quesada-3-scaled.jpg)\"><\/div><div class=\"l-section-overlay\" style=\"background:rgba(0,0,0,0.4)\"><\/div><div class=\"l-section-h i-cf\"><div class=\"g-cols vc_row via_grid cols_1 laptops-cols_inherit tablets-cols_inherit mobiles-cols_1 valign_top type_default stacking_default\"><div class=\"wpb_column vc_column_container\"><div class=\"vc_column-inner\"><div class=\"w-separator size_small\"><\/div><h1 class=\"w-text us_custom_ea3da4e3\"><span class=\"w-text-h\"><span class=\"w-text-value\">Luchando Contra el Cambio Clim\u00e1tico<\/span><\/span><\/h1><div class=\"w-separator size_huge\"><\/div><\/div><\/div><\/div><\/div><\/section><section class=\"l-section wpb_row height_large\" id=\"simple\"><div class=\"l-section-h i-cf\"><div class=\"g-cols vc_row via_grid cols_1 laptops-cols_inherit tablets-cols_inherit mobiles-cols_1 valign_middle type_default stacking_default\"><div class=\"wpb_column vc_column_container us_custom_7e20fa79 us_animate_this\"><div class=\"vc_column-inner\"><div class=\"wpb_text_column\"><div class=\"wpb_wrapper\"><h2><span style=\"font-weight: 400;\">Compromiso a Largo Plazo con la Acci\u00f3n Clim\u00e1tica<\/span><\/h2>\n<p><span style=\"font-weight: 400;\">Durante d\u00e9cadas, he estado profundamente involucrado en la lucha contra el cambio clim\u00e1tico, dedic\u00e1ndome a cerrar la brecha entre el entendimiento cient\u00edfico y la acci\u00f3n pol\u00edtica. Mis esfuerzos han incluido roles clave como Embajador de Costa Rica para el Cambio Clim\u00e1tico en importantes negociaciones clim\u00e1ticas globales, como la COP1 en Berl\u00edn, la COP15 en Copenhague y la COP21 en Par\u00eds. Estos roles a menudo revelaron la frustrante realidad de los acuerdos globales insuficientes.\u00a0<\/span><span style=\"font-weight: 400;\"><br \/>\n<\/span><\/p>\n<p><span style=\"font-weight: 400;\">A pesar de la evidencia cient\u00edfica y las proyecciones, y a pesar de los esfuerzos colaborativos de muchos, el progreso ha sido, a menudo, desalentadoramente lento, revelando una desconexi\u00f3n preocupante entre la gravedad de la emergencia clim\u00e1tica y el ritmo de la acci\u00f3n internacional. Esta brecha persistente entre lo que se necesita y lo que se ha logrado profundiza mi frustraci\u00f3n y subraya la urgente necesidad de una acci\u00f3n m\u00e1s decisiva.<\/span><\/p>\n<\/div><\/div><\/div><\/div><\/div><\/div><\/section><section class=\"l-section wpb_row align_center height_small color_primary\"><div class=\"l-section-overlay\" style=\"background:rgba(0,0,0,0.4)\"><\/div><div class=\"l-section-h i-cf\"><div class=\"g-cols vc_row via_grid cols_1 laptops-cols_inherit tablets-cols_inherit mobiles-cols_1 valign_top type_default stacking_default\"><div class=\"wpb_column vc_column_container stretched\"><div class=\"vc_column-inner\"><div class=\"w-image align_none\"><div class=\"w-image-h\"><img decoding=\"async\" width=\"1888\" height=\"800\" data-src=\"https:\/\/www.alvaroumana.com\/wp-content\/uploads\/2024\/06\/vlcsnap-2024-01-22-16h50m09s564.png\" class=\"attachment-full size-full lazyload\" alt=\"\" data-srcset=\"https:\/\/www.alvaroumana.com\/wp-content\/uploads\/2024\/06\/vlcsnap-2024-01-22-16h50m09s564.png 1888w, https:\/\/www.alvaroumana.com\/wp-content\/uploads\/2024\/06\/vlcsnap-2024-01-22-16h50m09s564-300x127.png 300w, https:\/\/www.alvaroumana.com\/wp-content\/uploads\/2024\/06\/vlcsnap-2024-01-22-16h50m09s564-1024x434.png 1024w\" data-sizes=\"auto, (max-width: 1888px) 100vw, 1888px\" src=\"data:image\/svg+xml;base64,PHN2ZyB3aWR0aD0iMSIgaGVpZ2h0PSIxIiB4bWxucz0iaHR0cDovL3d3dy53My5vcmcvMjAwMC9zdmciPjwvc3ZnPg==\" style=\"--smush-placeholder-width: 1888px; --smush-placeholder-aspect-ratio: 1888\/800;\" \/><\/div><\/div><\/div><\/div><\/div><\/div><\/section><section class=\"l-section wpb_row height_large\" id=\"simple\"><div class=\"l-section-h i-cf\"><div class=\"g-cols vc_row via_grid cols_2-1 laptops-cols_inherit tablets-cols_inherit mobiles-cols_1 valign_middle type_default stacking_default\"><div class=\"wpb_column vc_column_container us_custom_7e20fa79 us_animate_this\"><div class=\"vc_column-inner\"><div class=\"wpb_text_column\"><div class=\"wpb_wrapper\"><h3>Un legado de Arrepentimiento y un Llamado a la Acci\u00f3n<\/h3>\n<p><span style=\"font-weight: 400;\">Reflexionando sobre estos desaf\u00edos, siento un profundo arrepentimiento por las deficiencias de mi generaci\u00f3n en la lucha contra el cambio clim\u00e1tico. Me duele reconocer que no hemos hecho lo suficiente para asegurar un futuro sostenible para las pr\u00f3ximas generaciones. Me siento impulsado a dar testimonio y explicar estos fracasos, pero tambi\u00e9n a transmitir un mensaje de esperanza.<\/span><\/p>\n<p><span style=\"font-weight: 400;\">Existen muchas soluciones viables disponibles, tanto en el \u00e1mbito t\u00e9cnico como en el comunitario, as\u00ed como dentro del sector privado. La clave est\u00e1 en centrarse en acciones que ofrezcan beneficios sin\u00e9rgicos, soluciones que nunca lamentaremos, como promover pr\u00e1cticas de uso sostenible de la tierra, mejorar la eficiencia energ\u00e9tica y hacer la transici\u00f3n a fuentes de energ\u00eda renovables.<\/span><\/p>\n<p><span style=\"font-weight: 400;\">Abrazar estas soluciones y abogar por un cambio significativo es crucial. Escribo con un sentido de urgencia, porque a pesar de las oportunidades perdidas, podemos y debemos actuar de inmediato para desplegar las muchas soluciones que ya existen y han demostrado ser efectivas. Mientras pueda, seguir\u00e9 comprometido con la causa y espero que las generaciones m\u00e1s j\u00f3venes logren cambiar el rumbo y evitar los mismos errores que cometimos.<\/span><\/p>\n<\/div><\/div><\/div><\/div><div class=\"wpb_column vc_column_container\"><div class=\"vc_column-inner\"><div class=\"w-image us_custom_afe5b2a8 has_ratio align_none\"><div class=\"w-image-h\"><div style=\"padding-bottom:133.3333%\"><\/div><img decoding=\"async\" width=\"682\" height=\"1024\" data-src=\"https:\/\/www.alvaroumana.com\/wp-content\/uploads\/2024\/07\/KIN_6899-scaled-e1722789446248-682x1024.jpg\" class=\"attachment-large size-large lazyload\" alt=\"\" data-srcset=\"https:\/\/www.alvaroumana.com\/wp-content\/uploads\/2024\/07\/KIN_6899-scaled-e1722789446248-682x1024.jpg 682w, https:\/\/www.alvaroumana.com\/wp-content\/uploads\/2024\/07\/KIN_6899-scaled-e1722789446248-200x300.jpg 200w, https:\/\/www.alvaroumana.com\/wp-content\/uploads\/2024\/07\/KIN_6899-scaled-e1722789446248.jpg 1704w\" data-sizes=\"auto, (max-width: 682px) 100vw, 682px\" src=\"data:image\/svg+xml;base64,PHN2ZyB3aWR0aD0iMSIgaGVpZ2h0PSIxIiB4bWxucz0iaHR0cDovL3d3dy53My5vcmcvMjAwMC9zdmciPjwvc3ZnPg==\" style=\"--smush-placeholder-width: 682px; --smush-placeholder-aspect-ratio: 682\/1024;\" \/><\/div><\/div><\/div><\/div><\/div><\/div><\/section><section class=\"l-section wpb_row height_large color_primary\"><div class=\"l-section-h i-cf\"><div class=\"g-cols vc_row via_grid cols_2 laptops-cols_inherit tablets-cols_inherit mobiles-cols_1 valign_top type_default stacking_default\"><div class=\"wpb_column vc_column_container us_custom_60e9caca us_animate_this\"><div class=\"vc_column-inner\"><div class=\"w-actionbox color_primary controls_right\"><div class=\"w-actionbox-text\"><h3 class=\"w-actionbox-title\">\u00bfQuieres leer m\u00e1s sobre esto?<\/h3><div class=\"w-actionbox-description\"><p>Haz clic en los botones para ver publicaciones relevantes sobre este tema.<\/p>\n<\/div><\/div><\/div><\/div><\/div><div class=\"wpb_column vc_column_container\"><div class=\"vc_column-inner\"><div class=\"w-btn-wrapper align_none\"><a class=\"w-btn us-btn-style_2\" target=\"_blank\" href=\"https:\/\/www.alvaroumana.com\/wp-content\/uploads\/2024\/06\/Alvaros-publication-in-the-Royal-Society.pdf\"><span class=\"w-btn-label\">Royal Society: Valueing Nature<\/span><\/a><\/div><div class=\"w-btn-wrapper align_none\"><a class=\"w-btn us-btn-style_2\" target=\"_blank\" href=\"https:\/\/www.theguardian.com\/commentisfree\/2023\/apr\/21\/costa-rica-uk-land\"><span class=\"w-btn-label\">The Guardian: CR Restored its Ravaged Land<\/span><\/a><\/div><\/div><\/div><\/div><\/div><\/section><section class=\"l-section wpb_row align_center height_huge color_primary with_img\"><div class=\"l-section-img lazyload\" role=\"img\" data-img-width=\"1920\" data-img-height=\"1080\" style=\"background-image:inherit;\" data-bg-image=\"url(https:\/\/www.alvaroumana.com\/wp-content\/uploads\/2024\/04\/Alvaro-Home-Slider.jpg)\"><\/div><div class=\"l-section-overlay\" style=\"background:rgba(0,0,0,0.4)\"><\/div><div class=\"l-section-h i-cf\"><div class=\"g-cols vc_row via_grid cols_1 laptops-cols_inherit tablets-cols_inherit mobiles-cols_1 valign_top type_default stacking_default\"><div class=\"wpb_column vc_column_container\"><div class=\"vc_column-inner\"><h3 class=\"w-text us_custom_ea3da4e3\"><span class=\"w-text-h\"><span class=\"w-text-value\">Lee mis otras historias<\/span><\/span><\/h3><div class=\"g-cols wpb_row via_grid cols_2 laptops-cols_inherit tablets-cols_inherit mobiles-cols_1 valign_top type_default stacking_default\" style=\"--gap:3rem;\"><div class=\"wpb_column vc_column_container\"><div class=\"vc_column-inner\"><div class=\"w-iconbox iconpos_left style_default color_contrast align_left\"><a href=\"https:\/\/www.alvaroumana.com\/es\/creation-of-ministry-of-environment-and-energy\/\" class=\"w-iconbox-link\" aria-label=\"Creaci\u00f3n del Ministerio de Ambiente y Energ\u00eda\"><div class=\"w-iconbox-icon\" style=\"font-size:2rem;\"><i class=\"material-icons\">chevron_right<\/i><\/div><\/a><div class=\"w-iconbox-meta\"><a href=\"https:\/\/www.alvaroumana.com\/es\/creation-of-ministry-of-environment-and-energy\/\" class=\"w-iconbox-link\" aria-label=\"Creaci\u00f3n del Ministerio de Ambiente y Energ\u00eda\"><h4 class=\"w-iconbox-title\" style=\"font-size:20px;\">Creaci\u00f3n del Ministerio de Ambiente y Energ\u00eda<\/h4><\/a><div class=\"w-iconbox-text\"><p><span style=\"font-weight: 400;\">Descubre c\u00f3mo Costa Rica fue pionera al otorgarle a la naturaleza poder pol\u00edtico y un puesto a nivel de gabinete.<\/span><\/p>\n<\/div><\/div><\/div><div class=\"w-separator size_small\"><\/div><div class=\"w-iconbox iconpos_left style_default color_contrast align_left\"><a href=\"https:\/\/www.alvaroumana.com\/es\/creation-of-ministry-of-environment-and-energy\/\" class=\"w-iconbox-link\" aria-label=\"Reorganizaci\u00f3n de Conservaci\u00f3n y Biodiversidad\"><div class=\"w-iconbox-icon\" style=\"font-size:2rem;\"><i class=\"material-icons\">chevron_right<\/i><\/div><\/a><div class=\"w-iconbox-meta\"><a href=\"https:\/\/www.alvaroumana.com\/es\/creation-of-ministry-of-environment-and-energy\/\" class=\"w-iconbox-link\" aria-label=\"Reorganizaci\u00f3n de Conservaci\u00f3n y Biodiversidad\"><h4 class=\"w-iconbox-title\" style=\"font-size:20px;\">Reorganizaci\u00f3n de Conservaci\u00f3n y Biodiversidad<\/h4><\/a><div class=\"w-iconbox-text\"><p><span style=\"font-weight: 400;\">Explora c\u00f3mo Costa Rica reemplaz\u00f3 la visi\u00f3n occidental tradicional de conservaci\u00f3n por un modelo nuevo y pr\u00f3spero.<\/span><\/p>\n<\/div><\/div><\/div><div class=\"w-separator size_small\"><\/div><div class=\"w-iconbox iconpos_left style_default color_contrast align_left\"><a href=\"https:\/\/www.alvaroumana.com\/es\/ecological-economics\/\" class=\"w-iconbox-link\" aria-label=\"Econom\u00eda Ecol\u00f3gica\"><div class=\"w-iconbox-icon\" style=\"font-size:2rem;\"><i class=\"material-icons\">chevron_right<\/i><\/div><\/a><div class=\"w-iconbox-meta\"><a href=\"https:\/\/www.alvaroumana.com\/es\/ecological-economics\/\" class=\"w-iconbox-link\" aria-label=\"Econom\u00eda Ecol\u00f3gica\"><h4 class=\"w-iconbox-title\" style=\"font-size:20px;\">Econom\u00eda Ecol\u00f3gica<\/h4><\/a><div class=\"w-iconbox-text\"><p><span style=\"font-weight: 400;\">Descubre c\u00f3mo Costa Rica otorg\u00f3 valor econ\u00f3mico a sus bosques mediante la implementaci\u00f3n de incentivos forestales.<\/span><\/p>\n<\/div><\/div><\/div><\/div><\/div><div class=\"wpb_column vc_column_container\"><div class=\"vc_column-inner\"><div class=\"w-iconbox iconpos_left style_default color_contrast align_left\"><a href=\"https:\/\/www.alvaroumana.com\/es\/reversing-deforestation-in-costa-rica\/\" class=\"w-iconbox-link\" aria-label=\"Reversi\u00f3n de la Deforestaci\u00f3n y Desarrollo Forestal\"><div class=\"w-iconbox-icon\" style=\"font-size:2rem;\"><i class=\"material-icons\">chevron_right<\/i><\/div><\/a><div class=\"w-iconbox-meta\"><a href=\"https:\/\/www.alvaroumana.com\/es\/reversing-deforestation-in-costa-rica\/\" class=\"w-iconbox-link\" aria-label=\"Reversi\u00f3n de la Deforestaci\u00f3n y Desarrollo Forestal\"><h4 class=\"w-iconbox-title\" style=\"font-size:20px;\">Reversi\u00f3n de la Deforestaci\u00f3n y Desarrollo Forestal<\/h4><\/a><div class=\"w-iconbox-text\"><p><span style=\"font-weight: 400;\">C\u00f3mo Costa Rica pas\u00f3 del 26% de cobertura forestal en la d\u00e9cada de 1980 a casi el 60% en 2024, mientras impulsaba una prosperidad econ\u00f3mica sostenible. <\/span><\/p>\n<\/div><\/div><\/div><div class=\"w-separator size_small\"><\/div><div class=\"w-iconbox iconpos_left style_default color_contrast align_left\"><a href=\"https:\/\/www.alvaroumana.com\/es\/debt-for-nature-swaps\/\" class=\"w-iconbox-link\" aria-label=\"Canje de Deuda para la Conservaci\u00f3n\"><div class=\"w-iconbox-icon\" style=\"font-size:2rem;\"><i class=\"material-icons\">chevron_right<\/i><\/div><\/a><div class=\"w-iconbox-meta\"><a href=\"https:\/\/www.alvaroumana.com\/es\/debt-for-nature-swaps\/\" class=\"w-iconbox-link\" aria-label=\"Canje de Deuda para la Conservaci\u00f3n\"><h4 class=\"w-iconbox-title\" style=\"font-size:20px;\">Canje de Deuda para la Conservaci\u00f3n<\/h4><\/a><div class=\"w-iconbox-text\"><p><span style=\"font-weight: 400;\">Conozca una de las soluciones financieras m\u00e1s creativas implementadas en la lucha contra el cambio clim\u00e1tico.<\/span><\/p>\n<\/div><\/div><\/div><div class=\"w-separator size_small\"><\/div><div class=\"w-iconbox iconpos_left style_default color_contrast align_left\"><a href=\"https:\/\/www.alvaroumana.com\/es\/climate-change\/\" class=\"w-iconbox-link\" aria-label=\"Cambio Clim\u00e1tico\"><div class=\"w-iconbox-icon\" style=\"font-size:2rem;\"><i class=\"material-icons\">chevron_right<\/i><\/div><\/a><div class=\"w-iconbox-meta\"><a href=\"https:\/\/www.alvaroumana.com\/es\/climate-change\/\" class=\"w-iconbox-link\" aria-label=\"Cambio Clim\u00e1tico\"><h4 class=\"w-iconbox-title\" style=\"font-size:20px;\">Cambio Clim\u00e1tico<\/h4><\/a><div class=\"w-iconbox-text\"><p>Reflexione sobre los desaf\u00edos y frustraciones de las negociaciones clim\u00e1ticas globales y la necesidad de acci\u00f3n.<\/p>\n<\/div><\/div><\/div><\/div><\/div><\/div><\/div><\/div><\/div><\/div><\/section>","protected":false},"excerpt":{"rendered":"Fighting Climate ChangeLong-Term Commitment to Climate Action For decades, I have been deeply involved in the fight against climate change, dedicating myself to bridging the gap between scientific understanding and policy action. My efforts have included pivotal roles as Costa Rica\u2019s Ambassador for Climate Change in key global climate negotiations, such as COP1 in Berlin,...","protected":false},"author":2,"featured_media":0,"parent":0,"menu_order":0,"comment_status":"closed","ping_status":"closed","template":"","meta":{"_acf_changed":false,"footnotes":""},"class_list":["post-24288","page","type-page","status-publish","hentry"],"acf":[],"yoast_head":"<!-- This site is optimized with the Yoast SEO plugin v27.4 - https:\/\/yoast.com\/product\/yoast-seo-wordpress\/ -->\n<title>Climate Change - Story from Costa Rica - Alvaro Uma\u00f1a<\/title>\n<meta name=\"description\" content=\"Reflections on failed climate negotiations, bridging science and policy, and embracing sustainable solutions to fight climate change.\" \/>\n<meta name=\"robots\" content=\"index, follow, max-snippet:-1, max-image-preview:large, max-video-preview:-1\" \/>\n<link rel=\"canonical\" href=\"https:\/\/www.alvaroumana.com\/es\/climate-change\/\" \/>\n<meta property=\"og:locale\" content=\"es_ES\" \/>\n<meta property=\"og:type\" content=\"article\" \/>\n<meta property=\"og:title\" content=\"Climate Change - Story from Costa Rica - Alvaro Uma\u00f1a\" \/>\n<meta property=\"og:description\" content=\"Reflections on failed climate negotiations, bridging science and policy, and embracing sustainable solutions to fight climate change.\" \/>\n<meta property=\"og:url\" content=\"https:\/\/www.alvaroumana.com\/es\/climate-change\/\" \/>\n<meta property=\"og:site_name\" content=\"Alvaro Uma\u00f1a\" \/>\n<meta property=\"article:modified_time\" content=\"2025-01-13T17:47:10+00:00\" \/>\n<meta name=\"twitter:card\" content=\"summary_large_image\" \/>\n<meta name=\"twitter:label1\" content=\"Tiempo de lectura\" \/>\n\t<meta name=\"twitter:data1\" content=\"3 minutos\" \/>\n<script type=\"application\/ld+json\" class=\"yoast-schema-graph\">{\"@context\":\"https:\\\/\\\/schema.org\",\"@graph\":[{\"@type\":\"WebPage\",\"@id\":\"https:\\\/\\\/www.alvaroumana.com\\\/climate-change\\\/\",\"url\":\"https:\\\/\\\/www.alvaroumana.com\\\/climate-change\\\/\",\"name\":\"Climate Change - Story from Costa Rica - Alvaro Uma\u00f1a\",\"isPartOf\":{\"@id\":\"https:\\\/\\\/www.alvaroumana.com\\\/#website\"},\"datePublished\":\"2024-08-06T16:03:37+00:00\",\"dateModified\":\"2025-01-13T17:47:10+00:00\",\"description\":\"Reflections on failed climate negotiations, bridging science and policy, and embracing sustainable solutions to fight climate change.\",\"breadcrumb\":{\"@id\":\"https:\\\/\\\/www.alvaroumana.com\\\/climate-change\\\/#breadcrumb\"},\"inLanguage\":\"es\",\"potentialAction\":[{\"@type\":\"ReadAction\",\"target\":[\"https:\\\/\\\/www.alvaroumana.com\\\/climate-change\\\/\"]}]},{\"@type\":\"BreadcrumbList\",\"@id\":\"https:\\\/\\\/www.alvaroumana.com\\\/climate-change\\\/#breadcrumb\",\"itemListElement\":[{\"@type\":\"ListItem\",\"position\":1,\"name\":\"Home\",\"item\":\"https:\\\/\\\/www.alvaroumana.com\\\/\"},{\"@type\":\"ListItem\",\"position\":2,\"name\":\"Climate Change\"}]},{\"@type\":\"WebSite\",\"@id\":\"https:\\\/\\\/www.alvaroumana.com\\\/#website\",\"url\":\"https:\\\/\\\/www.alvaroumana.com\\\/\",\"name\":\"Alvaro Uma\u00f1a\",\"description\":\"Costa Rica&#039;s first Minister of Environment\",\"potentialAction\":[{\"@type\":\"SearchAction\",\"target\":{\"@type\":\"EntryPoint\",\"urlTemplate\":\"https:\\\/\\\/www.alvaroumana.com\\\/?s={search_term_string}\"},\"query-input\":{\"@type\":\"PropertyValueSpecification\",\"valueRequired\":true,\"valueName\":\"search_term_string\"}}],\"inLanguage\":\"es\"}]}<\/script>\n<!-- \/ Yoast SEO plugin. -->","yoast_head_json":{"title":"Climate Change - Story from Costa Rica - Alvaro Uma\u00f1a","description":"Reflections on failed climate negotiations, bridging science and policy, and embracing sustainable solutions to fight climate change.","robots":{"index":"index","follow":"follow","max-snippet":"max-snippet:-1","max-image-preview":"max-image-preview:large","max-video-preview":"max-video-preview:-1"},"canonical":"https:\/\/www.alvaroumana.com\/es\/climate-change\/","og_locale":"es_ES","og_type":"article","og_title":"Climate Change - Story from Costa Rica - Alvaro Uma\u00f1a","og_description":"Reflections on failed climate negotiations, bridging science and policy, and embracing sustainable solutions to fight climate change.","og_url":"https:\/\/www.alvaroumana.com\/es\/climate-change\/","og_site_name":"Alvaro Uma\u00f1a","article_modified_time":"2025-01-13T17:47:10+00:00","twitter_card":"summary_large_image","twitter_misc":{"Tiempo de lectura":"3 minutos"},"schema":{"@context":"https:\/\/schema.org","@graph":[{"@type":"WebPage","@id":"https:\/\/www.alvaroumana.com\/climate-change\/","url":"https:\/\/www.alvaroumana.com\/climate-change\/","name":"Climate Change - Story from Costa Rica - Alvaro Uma\u00f1a","isPartOf":{"@id":"https:\/\/www.alvaroumana.com\/#website"},"datePublished":"2024-08-06T16:03:37+00:00","dateModified":"2025-01-13T17:47:10+00:00","description":"Reflections on failed climate negotiations, bridging science and policy, and embracing sustainable solutions to fight climate change.","breadcrumb":{"@id":"https:\/\/www.alvaroumana.com\/climate-change\/#breadcrumb"},"inLanguage":"es","potentialAction":[{"@type":"ReadAction","target":["https:\/\/www.alvaroumana.com\/climate-change\/"]}]},{"@type":"BreadcrumbList","@id":"https:\/\/www.alvaroumana.com\/climate-change\/#breadcrumb","itemListElement":[{"@type":"ListItem","position":1,"name":"Home","item":"https:\/\/www.alvaroumana.com\/"},{"@type":"ListItem","position":2,"name":"Climate Change"}]},{"@type":"WebSite","@id":"https:\/\/www.alvaroumana.com\/#website","url":"https:\/\/www.alvaroumana.com\/","name":"Alvaro Uma\u00f1a","description":"Costa Rica&#039;s first Minister of Environment","potentialAction":[{"@type":"SearchAction","target":{"@type":"EntryPoint","urlTemplate":"https:\/\/www.alvaroumana.com\/?s={search_term_string}"},"query-input":{"@type":"PropertyValueSpecification","valueRequired":true,"valueName":"search_term_string"}}],"inLanguage":"es"}]}},"_links":{"self":[{"href":"https:\/\/www.alvaroumana.com\/es\/wp-json\/wp\/v2\/pages\/24288","targetHints":{"allow":["GET"]}}],"collection":[{"href":"https:\/\/www.alvaroumana.com\/es\/wp-json\/wp\/v2\/pages"}],"about":[{"href":"https:\/\/www.alvaroumana.com\/es\/wp-json\/wp\/v2\/types\/page"}],"author":[{"embeddable":true,"href":"https:\/\/www.alvaroumana.com\/es\/wp-json\/wp\/v2\/users\/2"}],"replies":[{"embeddable":true,"href":"https:\/\/www.alvaroumana.com\/es\/wp-json\/wp\/v2\/comments?post=24288"}],"version-history":[{"count":16,"href":"https:\/\/www.alvaroumana.com\/es\/wp-json\/wp\/v2\/pages\/24288\/revisions"}],"predecessor-version":[{"id":24416,"href":"https:\/\/www.alvaroumana.com\/es\/wp-json\/wp\/v2\/pages\/24288\/revisions\/24416"}],"wp:attachment":[{"href":"https:\/\/www.alvaroumana.com\/es\/wp-json\/wp\/v2\/media?parent=24288"}],"curies":[{"name":"wp","href":"https:\/\/api.w.org\/{rel}","templated":true}]}}